{"id":7993,"date":"2021-11-02T10:24:57","date_gmt":"2021-11-02T10:24:57","guid":{"rendered":"https:\/\/egestint.com\/?page_id=7993"},"modified":"2021-11-10T12:34:55","modified_gmt":"2021-11-10T12:34:55","slug":"web-cloud-unternehmen","status":"publish","type":"page","link":"https:\/\/egestint.com\/de\/web-cloud-unternehmen\/","title":{"rendered":"Web Cloud Unternehmen"},"content":{"rendered":"\t\t<div data-elementor-type=\"wp-post\" data-elementor-id=\"7993\" class=\"elementor elementor-7993 elementor-6676\" data-elementor-settings=\"[]\">\n\t\t\t\t\t\t\t<div class=\"elementor-section-wrap\">\n\t\t\t\t\t\t\t<section class=\"elementor-section elementor-top-section elementor-element elementor-element-5ae9f1d7 elementor-section-full_width elementor-section-height-min-height elementor-section-content-top elementor-section-height-default elementor-section-items-middle\" data-id=\"5ae9f1d7\" data-element_type=\"section\">\n\t\t\t\t\t\t<div class=\"elementor-container elementor-column-gap-no\">\n\t\t\t\t\t<div class=\"elementor-column elementor-col-100 elementor-top-column elementor-element elementor-element-7b13506\" data-id=\"7b13506\" data-element_type=\"column\">\n\t\t\t<div class=\"elementor-widget-wrap elementor-element-populated\">\n\t\t\t\t\t\t\t\t<div class=\"elementor-element elementor-element-76938cfa elementor-widget elementor-widget-Saasland_hero_erp\" data-id=\"76938cfa\" data-element_type=\"widget\" data-widget_type=\"Saasland_hero_erp.default\">\n\t\t\t\t<div class=\"elementor-widget-container\">\n\t\t\t        <section class=\"erp_banner_area_two\">\r\n            <ul class=\"list-unstyled cloud_animation\">\r\n                                    <li><img decoding=\"async\" src=\"https:\/\/saasland2.droitthemes.com\/wp-content\/uploads\/2019\/07\/cloud_01.png\" alt=\"Web Cloud Unternehmen\"><\/li>\r\n                \r\n                                    <li><img decoding=\"async\" src=\"https:\/\/saasland2.droitthemes.com\/wp-content\/uploads\/2019\/07\/cloud_02.png\" alt=\"Web Cloud Unternehmen\"><\/li>\r\n                \r\n                                    <li><img decoding=\"async\" src=\"https:\/\/saasland2.droitthemes.com\/wp-content\/uploads\/2019\/07\/cloud_03.png\" alt=\"Web Cloud Unternehmen\"><\/li>\r\n                \r\n                                    <li><img decoding=\"async\" src=\"https:\/\/saasland2.droitthemes.com\/wp-content\/uploads\/2019\/07\/cloud_04.png\" alt=\"Web Cloud Unternehmen\"><\/li>\r\n                \r\n                                    <li><img decoding=\"async\" src=\"https:\/\/saasland2.droitthemes.com\/wp-content\/uploads\/2019\/07\/cloud_05.png\" alt=\"Web Cloud Unternehmen\"><\/li>\r\n                \r\n                                    <li><img decoding=\"async\" src=\"https:\/\/saasland2.droitthemes.com\/wp-content\/uploads\/2019\/07\/cloud_06.png\" alt=\"Web Cloud Unternehmen\"><\/li>\r\n                \r\n            <\/ul>\r\n            <div class=\"erp_shap\"><\/div>\r\n            <div class=\"erp_shap_two\" style=\"background: url(https:\/\/saasland2.droitthemes.com\/wp-content\/uploads\/2019\/07\/banner_shap.png) no-repeat scroll top left;\"><\/div>\r\n            <div class=\"section_intro\">\r\n                <div class=\"section_container\">\r\n                    <div class=\"intro\">\r\n                        <div class=\" intro_content\">\r\n                                                            <h1 class=\"title_erp\">Web Cloud Unternehmen<\/h1>\r\n                                                                                                            <\/div>\r\n                    <\/div>\r\n                <\/div>\r\n            <\/div>\r\n            <div class=\"animation_img wow fadeInUp\" data-wow-delay=\"0.3s\">\r\n                <div class=\"container\">\r\n                                    <\/div>\r\n            <\/div>\r\n        <\/section>\r\n        \t\t<\/div>\n\t\t\t\t<\/div>\n\t\t\t\t<div class=\"elementor-element elementor-element-5d65a7f elementor-widget elementor-widget-image\" data-id=\"5d65a7f\" data-element_type=\"widget\" data-widget_type=\"image.default\">\n\t\t\t\t<div class=\"elementor-widget-container\">\n\t\t\t\t\t<div class=\"elementor-image\">\n\t\t\t\t\t\t\t\t\t\t<img loading=\"lazy\" decoding=\"async\" width=\"96\" height=\"91\" src=\"https:\/\/egestint.com\/wp-content\/uploads\/2021\/03\/sociedades-egestint-icon-1.png\" class=\"attachment-thumbnail size-thumbnail\" alt=\"\" \/>\t\t\t\t\t\t\t\t\t\t\t<\/div>\n\t\t\t\t<\/div>\n\t\t\t\t<\/div>\n\t\t\t\t\t<\/div>\n\t\t<\/div>\n\t\t\t\t\t\t\t<\/div>\n\t\t<\/section>\n\t\t\t\t<section class=\"elementor-section elementor-top-section elementor-element elementor-element-1c92772d elementor-section-full_width elementor-section-height-default elementor-section-height-default\" data-id=\"1c92772d\" data-element_type=\"section\">\n\t\t\t\t\t\t<div class=\"elementor-container elementor-column-gap-no\">\n\t\t\t\t\t<div class=\"elementor-column elementor-col-100 elementor-top-column elementor-element elementor-element-38f44ded\" data-id=\"38f44ded\" data-element_type=\"column\">\n\t\t\t<div class=\"elementor-widget-wrap elementor-element-populated\">\n\t\t\t\t\t\t\t\t<div class=\"elementor-element elementor-element-1195921d elementor-widget elementor-widget-text-editor\" data-id=\"1195921d\" data-element_type=\"widget\" data-widget_type=\"text-editor.default\">\n\t\t\t\t<div class=\"elementor-widget-container\">\n\t\t\t\t\t<div class=\"elementor-text-editor elementor-clearfix\"><p>F\u00fcr alle Arten von Zivil- und Handelsgesellschaften, Verb\u00e4nder, Stiftungen, Genossenschaften, politischen Parteien <br \/>und allgemein f\u00fcr alle Organisationen, die die Pflicht haben Ihre B\u00fccher gem\u00e4ss dem g\u00fcltigen allgemeinen Kontenrahmen zu f\u00fchren.<\/p><p><strong>Das Blockdiagramm definiert die grundlegenden Funktionen.<\/strong><strong>\u00a0<\/strong><strong>Derzeit kann sie in spanischer, katalanischer, franz\u00f6sischer, <br \/>englischer und deutscher Sprache bearbeitet werden und weist folgende Besonderheiten auf:<\/strong><\/p><\/div>\n\t\t\t\t<\/div>\n\t\t\t\t<\/div>\n\t\t\t\t<section class=\"elementor-section elementor-inner-section elementor-element elementor-element-237aa9f1 elementor-section-boxed elementor-section-height-default elementor-section-height-default\" data-id=\"237aa9f1\" data-element_type=\"section\">\n\t\t\t\t\t\t<div class=\"elementor-container elementor-column-gap-default\">\n\t\t\t\t\t<div class=\"elementor-column elementor-col-50 elementor-inner-column elementor-element elementor-element-537d976f\" data-id=\"537d976f\" data-element_type=\"column\">\n\t\t\t<div class=\"elementor-widget-wrap elementor-element-populated\">\n\t\t\t\t\t\t\t\t<div class=\"elementor-element elementor-element-3dbbcf93 elementor-invisible elementor-widget elementor-widget-image\" data-id=\"3dbbcf93\" data-element_type=\"widget\" data-settings=\"{&quot;_animation&quot;:&quot;fadeInUp&quot;}\" data-widget_type=\"image.default\">\n\t\t\t\t<div class=\"elementor-widget-container\">\n\t\t\t\t\t<div class=\"elementor-image\">\n\t\t\t\t\t\t\t\t\t\t<img loading=\"lazy\" decoding=\"async\" width=\"1077\" height=\"1803\" src=\"https:\/\/egestint.com\/wp-content\/uploads\/2021\/11\/egestint-sociedades-diagrama-bloques_de.png\" class=\"attachment-full size-full\" alt=\"\" srcset=\"https:\/\/egestint.com\/wp-content\/uploads\/2021\/11\/egestint-sociedades-diagrama-bloques_de.png 1077w, https:\/\/egestint.com\/wp-content\/uploads\/2021\/11\/egestint-sociedades-diagrama-bloques_de-179x300.png 179w, https:\/\/egestint.com\/wp-content\/uploads\/2021\/11\/egestint-sociedades-diagrama-bloques_de-612x1024.png 612w, https:\/\/egestint.com\/wp-content\/uploads\/2021\/11\/egestint-sociedades-diagrama-bloques_de-768x1286.png 768w, https:\/\/egestint.com\/wp-content\/uploads\/2021\/11\/egestint-sociedades-diagrama-bloques_de-918x1536.png 918w\" sizes=\"auto, (max-width: 1077px) 100vw, 1077px\" \/>\t\t\t\t\t\t\t\t\t\t\t<\/div>\n\t\t\t\t<\/div>\n\t\t\t\t<\/div>\n\t\t\t\t\t<\/div>\n\t\t<\/div>\n\t\t\t\t<div class=\"elementor-column elementor-col-50 elementor-inner-column elementor-element elementor-element-ef22402\" data-id=\"ef22402\" data-element_type=\"column\">\n\t\t\t<div class=\"elementor-widget-wrap elementor-element-populated\">\n\t\t\t\t\t\t\t\t<div class=\"elementor-element elementor-element-a900f9c elementor-widget elementor-widget-heading\" data-id=\"a900f9c\" data-element_type=\"widget\" data-widget_type=\"heading.default\">\n\t\t\t\t<div class=\"elementor-widget-container\">\n\t\t\t<h3 class=\"elementor-heading-title elementor-size-default\"><a href=\"#\">Was bietet EGESTINT Ihrem Unternehmen ? <\/a><\/h3>\t\t<\/div>\n\t\t\t\t<\/div>\n\t\t\t\t<div class=\"elementor-element elementor-element-cf2c7dd elementor-widget elementor-widget-accordion\" data-id=\"cf2c7dd\" data-element_type=\"widget\" data-widget_type=\"accordion.default\">\n\t\t\t\t<div class=\"elementor-widget-container\">\n\t\t\t\t\t<div class=\"elementor-accordion\" role=\"tablist\">\n\t\t\t\t\t\t\t<div class=\"elementor-accordion-item\">\n\t\t\t\t\t<div id=\"elementor-tab-title-2171\" class=\"elementor-tab-title\" data-tab=\"1\" role=\"tab\" aria-controls=\"elementor-tab-content-2171\" aria-expanded=\"false\">\n\t\t\t\t\t\t\t\t\t\t\t\t\t<span class=\"elementor-accordion-icon elementor-accordion-icon-left\" aria-hidden=\"true\">\n\t\t\t\t\t\t\t\t\t\t\t\t\t\t\t<span class=\"elementor-accordion-icon-closed\"><i class=\"fas fa-plus\"><\/i><\/span>\n\t\t\t\t\t\t\t\t<span class=\"elementor-accordion-icon-opened\"><i class=\"fas fa-minus\"><\/i><\/span>\n\t\t\t\t\t\t\t\t\t\t\t\t\t\t<\/span>\n\t\t\t\t\t\t\t\t\t\t\t\t<a class=\"elementor-accordion-title\" href=\"\">Die integration des gesamten Bearbeitungssystem<\/a>\n\t\t\t\t\t<\/div>\n\t\t\t\t\t<div id=\"elementor-tab-content-2171\" class=\"elementor-tab-content elementor-clearfix\" data-tab=\"1\" role=\"tabpanel\" aria-labelledby=\"elementor-tab-title-2171\"><p>Das umfasst die Erstellung der Bestellungen, seien es Verk\u00e4ufe oder Eink\u00e4ufe bis hin zur Bank\u00fcberweisungen.<\/p><\/div>\n\t\t\t\t<\/div>\n\t\t\t\t\t\t\t<div class=\"elementor-accordion-item\">\n\t\t\t\t\t<div id=\"elementor-tab-title-2172\" class=\"elementor-tab-title\" data-tab=\"2\" role=\"tab\" aria-controls=\"elementor-tab-content-2172\" aria-expanded=\"false\">\n\t\t\t\t\t\t\t\t\t\t\t\t\t<span class=\"elementor-accordion-icon elementor-accordion-icon-left\" aria-hidden=\"true\">\n\t\t\t\t\t\t\t\t\t\t\t\t\t\t\t<span class=\"elementor-accordion-icon-closed\"><i class=\"fas fa-plus\"><\/i><\/span>\n\t\t\t\t\t\t\t\t<span class=\"elementor-accordion-icon-opened\"><i class=\"fas fa-minus\"><\/i><\/span>\n\t\t\t\t\t\t\t\t\t\t\t\t\t\t<\/span>\n\t\t\t\t\t\t\t\t\t\t\t\t<a class=\"elementor-accordion-title\" href=\"\">Mehrbenutzersystem<\/a>\n\t\t\t\t\t<\/div>\n\t\t\t\t\t<div id=\"elementor-tab-content-2172\" class=\"elementor-tab-content elementor-clearfix\" data-tab=\"2\" role=\"tabpanel\" aria-labelledby=\"elementor-tab-title-2172\"><p>Diese Version erm\u00f6glicht die gr\u00f6\u00dftm\u00f6glichste Vielseitigkeit, da die verschiedenen Benutzer physisch von verschiedenen Orten aus arbeiten k\u00f6nnen.\u00a0Geeignet f\u00fcr die Entwicklung der Telearbeit.<\/p><\/div>\n\t\t\t\t<\/div>\n\t\t\t\t\t\t\t<div class=\"elementor-accordion-item\">\n\t\t\t\t\t<div id=\"elementor-tab-title-2173\" class=\"elementor-tab-title\" data-tab=\"3\" role=\"tab\" aria-controls=\"elementor-tab-content-2173\" aria-expanded=\"false\">\n\t\t\t\t\t\t\t\t\t\t\t\t\t<span class=\"elementor-accordion-icon elementor-accordion-icon-left\" aria-hidden=\"true\">\n\t\t\t\t\t\t\t\t\t\t\t\t\t\t\t<span class=\"elementor-accordion-icon-closed\"><i class=\"fas fa-plus\"><\/i><\/span>\n\t\t\t\t\t\t\t\t<span class=\"elementor-accordion-icon-opened\"><i class=\"fas fa-minus\"><\/i><\/span>\n\t\t\t\t\t\t\t\t\t\t\t\t\t\t<\/span>\n\t\t\t\t\t\t\t\t\t\t\t\t<a class=\"elementor-accordion-title\" href=\"\">Rechnungen, Lieferschein und anulierte Bestellungen<\/a>\n\t\t\t\t\t<\/div>\n\t\t\t\t\t<div id=\"elementor-tab-content-2173\" class=\"elementor-tab-content elementor-clearfix\" data-tab=\"3\" role=\"tabpanel\" aria-labelledby=\"elementor-tab-title-2173\"><p>Das System kontrolliert jederzeit, wie eine Rechnung erstellt wurde. Diese Rechnung kann automatisch anuliert werden durch die l\u00f6schung des Lieferscheins.<\/p><\/div>\n\t\t\t\t<\/div>\n\t\t\t\t\t\t\t<div class=\"elementor-accordion-item\">\n\t\t\t\t\t<div id=\"elementor-tab-title-2174\" class=\"elementor-tab-title\" data-tab=\"4\" role=\"tab\" aria-controls=\"elementor-tab-content-2174\" aria-expanded=\"false\">\n\t\t\t\t\t\t\t\t\t\t\t\t\t<span class=\"elementor-accordion-icon elementor-accordion-icon-left\" aria-hidden=\"true\">\n\t\t\t\t\t\t\t\t\t\t\t\t\t\t\t<span class=\"elementor-accordion-icon-closed\"><i class=\"fas fa-plus\"><\/i><\/span>\n\t\t\t\t\t\t\t\t<span class=\"elementor-accordion-icon-opened\"><i class=\"fas fa-minus\"><\/i><\/span>\n\t\t\t\t\t\t\t\t\t\t\t\t\t\t<\/span>\n\t\t\t\t\t\t\t\t\t\t\t\t<a class=\"elementor-accordion-title\" href=\"\">Regelm\u00e4\u00dfige Abrechnungen<\/a>\n\t\t\t\t\t<\/div>\n\t\t\t\t\t<div id=\"elementor-tab-content-2174\" class=\"elementor-tab-content elementor-clearfix\" data-tab=\"4\" role=\"tabpanel\" aria-labelledby=\"elementor-tab-title-2174\"><p>Von Interesse f\u00fcr Schulen, Ausbildungszentren, Instandhaltungsunternehmen und allgemein f\u00fcr alle T\u00e4tigkeiten, die eine Wiederholung der Rechnungserstellung erfordern.<\/p><\/div>\n\t\t\t\t<\/div>\n\t\t\t\t\t\t\t<div class=\"elementor-accordion-item\">\n\t\t\t\t\t<div id=\"elementor-tab-title-2175\" class=\"elementor-tab-title\" data-tab=\"5\" role=\"tab\" aria-controls=\"elementor-tab-content-2175\" aria-expanded=\"false\">\n\t\t\t\t\t\t\t\t\t\t\t\t\t<span class=\"elementor-accordion-icon elementor-accordion-icon-left\" aria-hidden=\"true\">\n\t\t\t\t\t\t\t\t\t\t\t\t\t\t\t<span class=\"elementor-accordion-icon-closed\"><i class=\"fas fa-plus\"><\/i><\/span>\n\t\t\t\t\t\t\t\t<span class=\"elementor-accordion-icon-opened\"><i class=\"fas fa-minus\"><\/i><\/span>\n\t\t\t\t\t\t\t\t\t\t\t\t\t\t<\/span>\n\t\t\t\t\t\t\t\t\t\t\t\t<a class=\"elementor-accordion-title\" href=\"\">Bilanzen<\/a>\n\t\t\t\t\t<\/div>\n\t\t\t\t\t<div id=\"elementor-tab-content-2175\" class=\"elementor-tab-content elementor-clearfix\" data-tab=\"5\" role=\"tabpanel\" aria-labelledby=\"elementor-tab-title-2175\"><p>Gewinn-Verlustrechnung und Ertragsrechnung nach Zeitspanne. Betriebskosten programierung.<\/p><\/div>\n\t\t\t\t<\/div>\n\t\t\t\t\t\t\t<div class=\"elementor-accordion-item\">\n\t\t\t\t\t<div id=\"elementor-tab-title-2176\" class=\"elementor-tab-title\" data-tab=\"6\" role=\"tab\" aria-controls=\"elementor-tab-content-2176\" aria-expanded=\"false\">\n\t\t\t\t\t\t\t\t\t\t\t\t\t<span class=\"elementor-accordion-icon elementor-accordion-icon-left\" aria-hidden=\"true\">\n\t\t\t\t\t\t\t\t\t\t\t\t\t\t\t<span class=\"elementor-accordion-icon-closed\"><i class=\"fas fa-plus\"><\/i><\/span>\n\t\t\t\t\t\t\t\t<span class=\"elementor-accordion-icon-opened\"><i class=\"fas fa-minus\"><\/i><\/span>\n\t\t\t\t\t\t\t\t\t\t\t\t\t\t<\/span>\n\t\t\t\t\t\t\t\t\t\t\t\t<a class=\"elementor-accordion-title\" href=\"\">Steuerprognosen, Mehrwertsteuer, Einkommenssteuer<\/a>\n\t\t\t\t\t<\/div>\n\t\t\t\t\t<div id=\"elementor-tab-content-2176\" class=\"elementor-tab-content elementor-clearfix\" data-tab=\"6\" role=\"tabpanel\" aria-labelledby=\"elementor-tab-title-2176\"><p>Professionelle.<\/p><\/div>\n\t\t\t\t<\/div>\n\t\t\t\t\t\t\t<div class=\"elementor-accordion-item\">\n\t\t\t\t\t<div id=\"elementor-tab-title-2177\" class=\"elementor-tab-title\" data-tab=\"7\" role=\"tab\" aria-controls=\"elementor-tab-content-2177\" aria-expanded=\"false\">\n\t\t\t\t\t\t\t\t\t\t\t\t\t<span class=\"elementor-accordion-icon elementor-accordion-icon-left\" aria-hidden=\"true\">\n\t\t\t\t\t\t\t\t\t\t\t\t\t\t\t<span class=\"elementor-accordion-icon-closed\"><i class=\"fas fa-plus\"><\/i><\/span>\n\t\t\t\t\t\t\t\t<span class=\"elementor-accordion-icon-opened\"><i class=\"fas fa-minus\"><\/i><\/span>\n\t\t\t\t\t\t\t\t\t\t\t\t\t\t<\/span>\n\t\t\t\t\t\t\t\t\t\t\t\t<a class=\"elementor-accordion-title\" href=\"\">Angaben zu detaillierten Rechnungen<\/a>\n\t\t\t\t\t<\/div>\n\t\t\t\t\t<div id=\"elementor-tab-content-2177\" class=\"elementor-tab-content elementor-clearfix\" data-tab=\"7\" role=\"tabpanel\" aria-labelledby=\"elementor-tab-title-2177\"><p>Einfuhr, Ausfuhr, innergemeinschaftliche Einfuhr.<\/p><\/div>\n\t\t\t\t<\/div>\n\t\t\t\t\t\t\t<div class=\"elementor-accordion-item\">\n\t\t\t\t\t<div id=\"elementor-tab-title-2178\" class=\"elementor-tab-title\" data-tab=\"8\" role=\"tab\" aria-controls=\"elementor-tab-content-2178\" aria-expanded=\"false\">\n\t\t\t\t\t\t\t\t\t\t\t\t\t<span class=\"elementor-accordion-icon elementor-accordion-icon-left\" aria-hidden=\"true\">\n\t\t\t\t\t\t\t\t\t\t\t\t\t\t\t<span class=\"elementor-accordion-icon-closed\"><i class=\"fas fa-plus\"><\/i><\/span>\n\t\t\t\t\t\t\t\t<span class=\"elementor-accordion-icon-opened\"><i class=\"fas fa-minus\"><\/i><\/span>\n\t\t\t\t\t\t\t\t\t\t\t\t\t\t<\/span>\n\t\t\t\t\t\t\t\t\t\t\t\t<a class=\"elementor-accordion-title\" href=\"\">Interaktion zwischen Rechnungserstellung und Buchhaltung<\/a>\n\t\t\t\t\t<\/div>\n\t\t\t\t\t<div id=\"elementor-tab-content-2178\" class=\"elementor-tab-content elementor-clearfix\" data-tab=\"8\" role=\"tabpanel\" aria-labelledby=\"elementor-tab-title-2178\"><p>Gebuchte Rechnungen k\u00f6nnen so oft wie n\u00f6tig abgerechnet werden, ge\u00e4ndert und neu verbucht werden, auch durch nachtr\u00e4gliche Aktualisierung.<\/p><\/div>\n\t\t\t\t<\/div>\n\t\t\t\t\t\t\t<div class=\"elementor-accordion-item\">\n\t\t\t\t\t<div id=\"elementor-tab-title-2179\" class=\"elementor-tab-title\" data-tab=\"9\" role=\"tab\" aria-controls=\"elementor-tab-content-2179\" aria-expanded=\"false\">\n\t\t\t\t\t\t\t\t\t\t\t\t\t<span class=\"elementor-accordion-icon elementor-accordion-icon-left\" aria-hidden=\"true\">\n\t\t\t\t\t\t\t\t\t\t\t\t\t\t\t<span class=\"elementor-accordion-icon-closed\"><i class=\"fas fa-plus\"><\/i><\/span>\n\t\t\t\t\t\t\t\t<span class=\"elementor-accordion-icon-opened\"><i class=\"fas fa-minus\"><\/i><\/span>\n\t\t\t\t\t\t\t\t\t\t\t\t\t\t<\/span>\n\t\t\t\t\t\t\t\t\t\t\t\t<a class=\"elementor-accordion-title\" href=\"\">\u00dcberpr\u00fcfung der Mehrwetsteuer<\/a>\n\t\t\t\t\t<\/div>\n\t\t\t\t\t<div id=\"elementor-tab-content-2179\" class=\"elementor-tab-content elementor-clearfix\" data-tab=\"9\" role=\"tabpanel\" aria-labelledby=\"elementor-tab-title-2179\"><p>Integration der Salden aus den ausgestellten und erhaltenen Rechnungen und der der Mehrwertsteuerkonten.<\/p><\/div>\n\t\t\t\t<\/div>\n\t\t\t\t\t\t\t<div class=\"elementor-accordion-item\">\n\t\t\t\t\t<div id=\"elementor-tab-title-21710\" class=\"elementor-tab-title\" data-tab=\"10\" role=\"tab\" aria-controls=\"elementor-tab-content-21710\" aria-expanded=\"false\">\n\t\t\t\t\t\t\t\t\t\t\t\t\t<span class=\"elementor-accordion-icon elementor-accordion-icon-left\" aria-hidden=\"true\">\n\t\t\t\t\t\t\t\t\t\t\t\t\t\t\t<span class=\"elementor-accordion-icon-closed\"><i class=\"fas fa-plus\"><\/i><\/span>\n\t\t\t\t\t\t\t\t<span class=\"elementor-accordion-icon-opened\"><i class=\"fas fa-minus\"><\/i><\/span>\n\t\t\t\t\t\t\t\t\t\t\t\t\t\t<\/span>\n\t\t\t\t\t\t\t\t\t\t\t\t<a class=\"elementor-accordion-title\" href=\"\">Portfolio von Vorderungen und Zahlungen mit einer Laufzeit von 12 Monaten<\/a>\n\t\t\t\t\t<\/div>\n\t\t\t\t\t<div id=\"elementor-tab-content-21710\" class=\"elementor-tab-content elementor-clearfix\" data-tab=\"10\" role=\"tabpanel\" aria-labelledby=\"elementor-tab-title-21710\"><p>Dar\u00fcber hinaus gibt es offene Konzepte, um monatliche Voraussch\u00e4tzungen wie Gehaltsabrechnungen, Sozialversicherungen, Steuern usw. zu erstellen. Diese sind ideal f\u00fcr T\u00e4tigkeiten mit relativ langen Vorder- und Zahlungszeiten.<\/p><\/div>\n\t\t\t\t<\/div>\n\t\t\t\t\t<\/div>\n\t\t\t\t<\/div>\n\t\t\t\t<\/div>\n\t\t\t\t\t<\/div>\n\t\t<\/div>\n\t\t\t\t\t\t\t<\/div>\n\t\t<\/section>\n\t\t\t\t\t<\/div>\n\t\t<\/div>\n\t\t\t\t\t\t\t<\/div>\n\t\t<\/section>\n\t\t\t\t<section class=\"elementor-section elementor-top-section elementor-element elementor-element-0e3c80c elementor-section-full_width elementor-section-height-default elementor-section-height-default\" data-id=\"0e3c80c\" data-element_type=\"section\" data-settings=\"{&quot;background_background&quot;:&quot;classic&quot;,&quot;shape_divider_bottom&quot;:&quot;mountains&quot;}\">\n\t\t\t\t\t<div class=\"elementor-shape elementor-shape-bottom\" data-negative=\"false\">\n\t\t\t<svg xmlns=\"http:\/\/www.w3.org\/2000\/svg\" viewBox=\"0 0 1000 100\" preserveAspectRatio=\"none\">\n\t<path class=\"elementor-shape-fill\" opacity=\"0.33\" d=\"M473,67.3c-203.9,88.3-263.1-34-320.3,0C66,119.1,0,59.7,0,59.7V0h1000v59.7 c0,0-62.1,26.1-94.9,29.3c-32.8,3.3-62.8-12.3-75.8-22.1C806,49.6,745.3,8.7,694.9,4.7S492.4,59,473,67.3z\"\/>\n\t<path class=\"elementor-shape-fill\" opacity=\"0.66\" d=\"M734,67.3c-45.5,0-77.2-23.2-129.1-39.1c-28.6-8.7-150.3-10.1-254,39.1 s-91.7-34.4-149.2,0C115.7,118.3,0,39.8,0,39.8V0h1000v36.5c0,0-28.2-18.5-92.1-18.5C810.2,18.1,775.7,67.3,734,67.3z\"\/>\n\t<path class=\"elementor-shape-fill\" d=\"M766.1,28.9c-200-57.5-266,65.5-395.1,19.5C242,1.8,242,5.4,184.8,20.6C128,35.8,132.3,44.9,89.9,52.5C28.6,63.7,0,0,0,0 h1000c0,0-9.9,40.9-83.6,48.1S829.6,47,766.1,28.9z\"\/>\n<\/svg>\t\t<\/div>\n\t\t\t\t\t<div class=\"elementor-container elementor-column-gap-default\">\n\t\t\t\t\t<div class=\"elementor-column elementor-col-100 elementor-top-column elementor-element elementor-element-9f910b1\" data-id=\"9f910b1\" data-element_type=\"column\" data-settings=\"{&quot;background_background&quot;:&quot;classic&quot;}\">\n\t\t\t<div class=\"elementor-widget-wrap elementor-element-populated\">\n\t\t\t\t\t\t\t\t<div class=\"elementor-element elementor-element-0fc6973 elementor-widget elementor-widget-saasland_appart_c2a\" data-id=\"0fc6973\" data-element_type=\"widget\" data-widget_type=\"saasland_appart_c2a.default\">\n\t\t\t\t<div class=\"elementor-widget-container\">\n\t\t\t            <section class=\"overview-area\">\r\n                <div class=\"container-fluid\">\r\n                    <div class=\"row\">\r\n                        <div class=\"col-md-6 col-12 overview-details-left\">\r\n                                                    <\/div>\r\n                        <div class=\"col-md-6 col-12 overview-details-right\">\r\n                            <div class=\"overview-details\">\r\n                                <div class=\"title-four\">\r\n                                                                            <h2> Brauchen Sie mehr Informationen \u00fcber Cloud Unternehmen? <\/h2>\r\n                                                                    <\/div>\r\n                                <p>Beantragen Sie ein Demo ohne Verpflichtung<\/p>\n                                                                    <a href=\"\/contacto\/\"                                        class=\"btn learn-btn-two no_box_shadow\">\r\n                                        KONTAKTIEREN SIE UNS                                    <\/a>\r\n                                                            <\/div>\r\n                        <\/div>\r\n                    <\/div>\r\n                <\/div>\r\n            <\/section>\r\n            \t\t<\/div>\n\t\t\t\t<\/div>\n\t\t\t\t\t<\/div>\n\t\t<\/div>\n\t\t\t\t\t\t\t<\/div>\n\t\t<\/section>\n\t\t\t\t\t\t<\/div>\n\t\t\t\t\t<\/div>\n\t\t","protected":false},"excerpt":{"rendered":"<p>Web Cloud Unternehmen F\u00fcr alle Arten von Zivil- und Handelsgesellschaften, Verb\u00e4nder, Stiftungen, Genossenschaften, politischen Parteien und allgemein f\u00fcr alle Organisationen, die die Pflicht haben Ihre B\u00fccher gem\u00e4ss dem g\u00fcltigen allgemeinen Kontenrahmen zu f\u00fchren. Das Blockdiagramm definiert die grundlegenden Funktionen.\u00a0Derzeit kann sie in spanischer, katalanischer, franz\u00f6sischer, englischer und deutscher Sprache bearbeitet werden und weist folgende Besonderheiten [&hellip;]<\/p>\n","protected":false},"author":2,"featured_media":0,"parent":0,"menu_order":0,"comment_status":"closed","ping_status":"closed","template":"elementor_header_footer","meta":{"footnotes":""},"class_list":["post-7993","page","type-page","status-publish","hentry","no-post-thumbnail"],"_links":{"self":[{"href":"https:\/\/egestint.com\/de\/wp-json\/wp\/v2\/pages\/7993","targetHints":{"allow":["GET"]}}],"collection":[{"href":"https:\/\/egestint.com\/de\/wp-json\/wp\/v2\/pages"}],"about":[{"href":"https:\/\/egestint.com\/de\/wp-json\/wp\/v2\/types\/page"}],"author":[{"embeddable":true,"href":"https:\/\/egestint.com\/de\/wp-json\/wp\/v2\/users\/2"}],"replies":[{"embeddable":true,"href":"https:\/\/egestint.com\/de\/wp-json\/wp\/v2\/comments?post=7993"}],"version-history":[{"count":14,"href":"https:\/\/egestint.com\/de\/wp-json\/wp\/v2\/pages\/7993\/revisions"}],"predecessor-version":[{"id":8313,"href":"https:\/\/egestint.com\/de\/wp-json\/wp\/v2\/pages\/7993\/revisions\/8313"}],"wp:attachment":[{"href":"https:\/\/egestint.com\/de\/wp-json\/wp\/v2\/media?parent=7993"}],"curies":[{"name":"wp","href":"https:\/\/api.w.org\/{rel}","templated":true}]}}