{"id":8009,"date":"2021-11-02T10:35:22","date_gmt":"2021-11-02T10:35:22","guid":{"rendered":"https:\/\/egestint.com\/?page_id=8009"},"modified":"2021-11-02T10:40:11","modified_gmt":"2021-11-02T10:40:11","slug":"finanzamt","status":"publish","type":"page","link":"https:\/\/egestint.com\/de\/finanzamt\/","title":{"rendered":"Finanzamt"},"content":{"rendered":"\t\t<div data-elementor-type=\"wp-page\" data-elementor-id=\"8009\" class=\"elementor elementor-8009 elementor-4461\" data-elementor-settings=\"[]\">\n\t\t\t\t\t\t\t<div class=\"elementor-section-wrap\">\n\t\t\t\t\t\t\t<section class=\"elementor-section elementor-top-section elementor-element elementor-element-69d4e764 elementor-section-full_width elementor-section-height-default elementor-section-height-default\" data-id=\"69d4e764\" data-element_type=\"section\" id=\"faq\" data-settings=\"{&quot;background_background&quot;:&quot;classic&quot;,&quot;shape_divider_bottom&quot;:&quot;mountains&quot;}\">\n\t\t\t\t\t<div class=\"elementor-shape elementor-shape-bottom\" data-negative=\"false\">\n\t\t\t<svg xmlns=\"http:\/\/www.w3.org\/2000\/svg\" viewBox=\"0 0 1000 100\" preserveAspectRatio=\"none\">\n\t<path class=\"elementor-shape-fill\" opacity=\"0.33\" d=\"M473,67.3c-203.9,88.3-263.1-34-320.3,0C66,119.1,0,59.7,0,59.7V0h1000v59.7 c0,0-62.1,26.1-94.9,29.3c-32.8,3.3-62.8-12.3-75.8-22.1C806,49.6,745.3,8.7,694.9,4.7S492.4,59,473,67.3z\"\/>\n\t<path class=\"elementor-shape-fill\" opacity=\"0.66\" d=\"M734,67.3c-45.5,0-77.2-23.2-129.1-39.1c-28.6-8.7-150.3-10.1-254,39.1 s-91.7-34.4-149.2,0C115.7,118.3,0,39.8,0,39.8V0h1000v36.5c0,0-28.2-18.5-92.1-18.5C810.2,18.1,775.7,67.3,734,67.3z\"\/>\n\t<path class=\"elementor-shape-fill\" d=\"M766.1,28.9c-200-57.5-266,65.5-395.1,19.5C242,1.8,242,5.4,184.8,20.6C128,35.8,132.3,44.9,89.9,52.5C28.6,63.7,0,0,0,0 h1000c0,0-9.9,40.9-83.6,48.1S829.6,47,766.1,28.9z\"\/>\n<\/svg>\t\t<\/div>\n\t\t\t\t\t<div class=\"elementor-container elementor-column-gap-no\">\n\t\t\t\t\t<div class=\"elementor-column elementor-col-100 elementor-top-column elementor-element elementor-element-61fc365a\" data-id=\"61fc365a\" data-element_type=\"column\">\n\t\t\t<div class=\"elementor-widget-wrap elementor-element-populated\">\n\t\t\t\t\t\t\t\t<div class=\"elementor-element elementor-element-e1ac4e1 elementor-widget elementor-widget-heading\" data-id=\"e1ac4e1\" data-element_type=\"widget\" data-widget_type=\"heading.default\">\n\t\t\t\t<div class=\"elementor-widget-container\">\n\t\t\t<h1 class=\"elementor-heading-title elementor-size-default\">Finanzamt<\/h1>\t\t<\/div>\n\t\t\t\t<\/div>\n\t\t\t\t<div class=\"elementor-element elementor-element-ad7b7d4 elementor-widget elementor-widget-text-editor\" data-id=\"ad7b7d4\" data-element_type=\"widget\" data-widget_type=\"text-editor.default\">\n\t\t\t\t<div class=\"elementor-widget-container\">\n\t\t\t\t\t<div class=\"elementor-text-editor elementor-clearfix\"><p>Sowohl die Selbst\u00e4ndigkeits- als auch die Unternehmensplattformen sehen die m\u00f6glichkeit vor, Modelle des Finanzamtes <br \/>zu erstellen und vorzulegen, wobei folgendes ber\u00fccksichtigt wird:<\/p><\/div>\n\t\t\t\t<\/div>\n\t\t\t\t<\/div>\n\t\t\t\t\t<\/div>\n\t\t<\/div>\n\t\t\t\t\t\t\t<\/div>\n\t\t<\/section>\n\t\t\t\t<section class=\"elementor-section elementor-top-section elementor-element elementor-element-bfb2f55 elementor-section-full_width elementor-section-height-default elementor-section-height-default\" data-id=\"bfb2f55\" data-element_type=\"section\" data-settings=\"{&quot;background_background&quot;:&quot;classic&quot;}\">\n\t\t\t\t\t\t<div class=\"elementor-container elementor-column-gap-no\">\n\t\t\t\t\t<div class=\"elementor-column elementor-col-100 elementor-top-column elementor-element elementor-element-a8b3e05\" data-id=\"a8b3e05\" data-element_type=\"column\">\n\t\t\t<div class=\"elementor-widget-wrap elementor-element-populated\">\n\t\t\t\t\t\t\t\t<div class=\"elementor-element elementor-element-9354141 elementor-widget elementor-widget-saasland_appart_screen_feature\" data-id=\"9354141\" data-element_type=\"widget\" data-widget_type=\"saasland_appart_screen_feature.default\">\n\t\t\t\t<div class=\"elementor-widget-container\">\n\t\t\t            <section class=\"faq_solution_area features_area_pad\">\r\n                                    <!--Parallax-->\r\n                    <ul class=\"memphis-parallax hidden-xs hidden-sm white_border\">\r\n                                                                                                                                                                                                                                                                    <\/ul>\r\n                                <div class=\"container\">\r\n                    <div class=\"title-four h_color text-center\">\r\n                                                                    <\/div>\r\n                    <div class=\"row \">\r\n                        <div class=\"col-md-6 d_flex \">\r\n                            <div id=\"accordion-9354141\" class=\"faq_accordian_two\">\r\n                                                                        <div class=\"card wow fadeInUp active\">\r\n                                            <div class=\"card-header\" id=\"heading-c7a5b6a\">\r\n                                                <h5 class=\"mb-0\">\r\n                                                    <button class=\"btn btn-link\" data-toggle=\"collapse\" data-target=\"#collapse-c7a5b6a\" aria-expanded=\"true\" aria-controls=\"collapse-c7a5b6a\">\r\n                                                        <i class='fa fa-sitemap'><\/i>Integration der Modelle                                                    <\/button>\r\n                                                <\/h5>\r\n                                            <\/div>\r\n                                            <div id=\"collapse-c7a5b6a\" class=\"collapse show\" aria-labelledby=\"heading-c7a5b6a\" data-parent=\"#accordion-9354141\">\r\n                                                                                                    <div class=\"card-body\">\r\n                                                        <p>Alle Daten, die die Modelle in Bezug auf Abzugssteuern, Bemessungsgrundlagen, Katasterangaben usw. ben\u00f6tigen, sind bereits in die Plattformen selbst integriert. In einigen Einstellungen der Programme wir darauf hingewiesen, dass bestimmte Formulare ausgef\u00fcllt werden m\u00fcssen, um den Prozess fortsetzen zu k\u00f6nnen, auch wenn sie zu diesem Zeitpunkt nicht erforderlich sind.<\/p>\r\n                                                    <\/div>\r\n                                                                                            <\/div>\r\n                                        <\/div>\r\n                                                                                <div class=\"card wow fadeInUp \">\r\n                                            <div class=\"card-header\" id=\"heading-d1fc340\">\r\n                                                <h5 class=\"mb-0\">\r\n                                                    <button class=\"btn btn-link\" data-toggle=\"collapse\" data-target=\"#collapse-d1fc340\" aria-expanded=\"true\" aria-controls=\"collapse-d1fc340\">\r\n                                                        <i class='fa fa-unlock-alt'><\/i>Die Modelle erm\u00f6glichen Blockierung und Entriegelung                                                    <\/button>\r\n                                                <\/h5>\r\n                                            <\/div>\r\n                                            <div id=\"collapse-d1fc340\" class=\"collapse \" aria-labelledby=\"heading-d1fc340\" data-parent=\"#accordion-9354141\">\r\n                                                                                                    <div class=\"card-body\">\r\n                                                        <p>Dies ist eine wichtige Option, denn wenn entschieden wird, die Informationen zu sperren, z. B. f\u00fcr das Modell 303, werden die in dem Modell enthaltenen Daten von den in Rechnung gestellten Daten unabh\u00e4ngig. \u00c4nderungen von Rechnungen haben keine Auswirkungen mehr auf das Modell. Wenn Sie es \u00e4ndern m\u00f6chten, m\u00fcssen Sie es vor der Einreichung wieder entriegeln. Das erm\u00f6glicht ge\u00e4nderte Rechnungen zu identifizieren.<\/p>\r\n                                                    <\/div>\r\n                                                                                            <\/div>\r\n                                        <\/div>\r\n                                                                                <div class=\"card wow fadeInUp \">\r\n                                            <div class=\"card-header\" id=\"heading-6f3d45a\">\r\n                                                <h5 class=\"mb-0\">\r\n                                                    <button class=\"btn btn-link\" data-toggle=\"collapse\" data-target=\"#collapse-6f3d45a\" aria-expanded=\"true\" aria-controls=\"collapse-6f3d45a\">\r\n                                                        <i class='fa fa-calculator'><\/i>Pr\u00fcfung der Investitionsrechnungen des Steuerpflichtigen                                                    <\/button>\r\n                                                <\/h5>\r\n                                            <\/div>\r\n                                            <div id=\"collapse-6f3d45a\" class=\"collapse \" aria-labelledby=\"heading-6f3d45a\" data-parent=\"#accordion-9354141\">\r\n                                                                                                    <div class=\"card-body\">\r\n                                                        <p>Wie Baugewerbe, Informatik, sowie innergemeinschaftliche Sektoren, Export und Import.<\/p>\r\n                                                    <\/div>\r\n                                                                                            <\/div>\r\n                                        <\/div>\r\n                                                                                <div class=\"card wow fadeInUp \">\r\n                                            <div class=\"card-header\" id=\"heading-8716ede\">\r\n                                                <h5 class=\"mb-0\">\r\n                                                    <button class=\"btn btn-link\" data-toggle=\"collapse\" data-target=\"#collapse-8716ede\" aria-expanded=\"true\" aria-controls=\"collapse-8716ede\">\r\n                                                        <i class='fa fa-arrow-right'><\/i>Automatische Erkennung der Mehrwertsteuer                                                    <\/button>\r\n                                                <\/h5>\r\n                                            <\/div>\r\n                                            <div id=\"collapse-8716ede\" class=\"collapse \" aria-labelledby=\"heading-8716ede\" data-parent=\"#accordion-9354141\">\r\n                                                                                                    <div class=\"card-body\">\r\n                                                        <p>Beim Thema Mehrwertsteuer erkennt das System automatisch an, ob Rechnungen aus fr\u00fcheren Zeitr\u00e4umen bei der Berechnung der Modelle 303 nicht ber\u00fccksichtigt wurden. Dies erm\u00f6glicht eine st\u00e4ndige Aktualisierung der Mehrwertsteuer -Daten, wenn z. B. Rechnungen von Lieferanten aus fr\u00fcheren Zeitr\u00e4umen eingegeben wurden.<\/p>\r\n                                                    <\/div>\r\n                                                                                            <\/div>\r\n                                        <\/div>\r\n                                                                                <div class=\"card wow fadeInUp \">\r\n                                            <div class=\"card-header\" id=\"heading-7324ec0\">\r\n                                                <h5 class=\"mb-0\">\r\n                                                    <button class=\"btn btn-link\" data-toggle=\"collapse\" data-target=\"#collapse-7324ec0\" aria-expanded=\"true\" aria-controls=\"collapse-7324ec0\">\r\n                                                        <i class='fa fa-calendar'><\/i>Monatliche Erstattung der Mehrwertsteuer (REDEME\/ SII)                                                    <\/button>\r\n                                                <\/h5>\r\n                                            <\/div>\r\n                                            <div id=\"collapse-7324ec0\" class=\"collapse \" aria-labelledby=\"heading-7324ec0\" data-parent=\"#accordion-9354141\">\r\n                                                                                                    <div class=\"card-body\">\r\n                                                        <p>Die Plattform hat das Bearbeitungssystem der Steuerbeh\u00f6rde (Finanzamt) f\u00fcr Unternehmen, die sich f\u00fcr dieses System der monatlichen Vorlage der ausgestellten und erhaltenen Rechnungen entschieden haben, sehr weit entwickelt. Bei den Informationen, die st\u00e4ndig eingeholt werden, geht es darum, ob alle oder nur ein Teil der Rechnungen bearbeitet wurden. Das System ermittelt, ob es sich um Einfuhren, Ausfuhren oder innergemeinschaftliche Ausfuhren handelt. Diese Option wird nur von der Plattform f\u00fcr Unternehmen umgesetzt.<\/p>\r\n                                                    <\/div>\r\n                                                                                            <\/div>\r\n                                        <\/div>\r\n                                                                                <div class=\"card wow fadeInUp \">\r\n                                            <div class=\"card-header\" id=\"heading-f8cc327\">\r\n                                                <h5 class=\"mb-0\">\r\n                                                    <button class=\"btn btn-link\" data-toggle=\"collapse\" data-target=\"#collapse-f8cc327\" aria-expanded=\"true\" aria-controls=\"collapse-f8cc327\">\r\n                                                        <i class='fa fa-users'><\/i>Presentation der Modelle f\u00fcr Selbstst\u00e4ndige                                                    <\/button>\r\n                                                <\/h5>\r\n                                            <\/div>\r\n                                            <div id=\"collapse-f8cc327\" class=\"collapse \" aria-labelledby=\"heading-f8cc327\" data-parent=\"#accordion-9354141\">\r\n                                                                                                    <div class=\"card-body\">\r\n                                                        <p>Die Modelle 130, 303, 390, 347, 115, 180, 111 und 190 k\u00f6nnen auf der Plattform der Selbst\u00e4ndigem erstellt und pr\u00e4sentiert werden. <\/p>\r\n                                                    <\/div>\r\n                                                                                            <\/div>\r\n                                        <\/div>\r\n                                                                                <div class=\"card wow fadeInUp \">\r\n                                            <div class=\"card-header\" id=\"heading-1656955\">\r\n                                                <h5 class=\"mb-0\">\r\n                                                    <button class=\"btn btn-link\" data-toggle=\"collapse\" data-target=\"#collapse-1656955\" aria-expanded=\"true\" aria-controls=\"collapse-1656955\">\r\n                                                        <i class='fa fa-building'><\/i> Presentation der Modelle f\u00fcr Unternehmen                                                    <\/button>\r\n                                                <\/h5>\r\n                                            <\/div>\r\n                                            <div id=\"collapse-1656955\" class=\"collapse \" aria-labelledby=\"heading-1656955\" data-parent=\"#accordion-9354141\">\r\n                                                                                                    <div class=\"card-body\">\r\n                                                        <p>Auf der Plattform f\u00fcr Unternehmen k\u00f6nnen die Modelle 130, 303, 390, 347, 115, 180, 111 und 190 f\u00fcr professionelle erstellt und vorgelegt werden. Modelle wie 349 sind sichtbar und  werden auch erstellt.<\/p>\r\n                                                    <\/div>\r\n                                                                                            <\/div>\r\n                                        <\/div>\r\n                                                                    <\/div>\r\n                        <\/div>\r\n                                                    <div class=\"col-md-6\">\r\n                                <div class=\"faq_image_mockup wow fadeInUp\" data-wow-delay=\"200ms\">\r\n                                    <img decoding=\"async\" src=\"https:\/\/egestint.com\/wp-content\/uploads\/2021\/03\/agencia-tributaria-egestint-3.jpg\" alt=\"featured\">\r\n                                <\/div>\r\n                            <\/div>\r\n                                            <\/div>\r\n                <\/div>\r\n            <\/section>\r\n            \t\t<\/div>\n\t\t\t\t<\/div>\n\t\t\t\t\t<\/div>\n\t\t<\/div>\n\t\t\t\t\t\t\t<\/div>\n\t\t<\/section>\n\t\t\t\t\t\t<\/div>\n\t\t\t\t\t<\/div>\n\t\t","protected":false},"excerpt":{"rendered":"<p>Finanzamt Sowohl die Selbst\u00e4ndigkeits- als auch die Unternehmensplattformen sehen die m\u00f6glichkeit vor, Modelle des Finanzamtes zu erstellen und vorzulegen, wobei folgendes ber\u00fccksichtigt wird: Integration der Modelle Alle Daten, die die Modelle in Bezug auf Abzugssteuern, Bemessungsgrundlagen, Katasterangaben usw. ben\u00f6tigen, sind bereits in die Plattformen selbst integriert. In einigen Einstellungen der Programme wir darauf hingewiesen, dass [&hellip;]<\/p>\n","protected":false},"author":2,"featured_media":0,"parent":0,"menu_order":0,"comment_status":"closed","ping_status":"closed","template":"elementor_header_footer","meta":{"footnotes":""},"class_list":["post-8009","page","type-page","status-publish","hentry","no-post-thumbnail"],"_links":{"self":[{"href":"https:\/\/egestint.com\/de\/wp-json\/wp\/v2\/pages\/8009","targetHints":{"allow":["GET"]}}],"collection":[{"href":"https:\/\/egestint.com\/de\/wp-json\/wp\/v2\/pages"}],"about":[{"href":"https:\/\/egestint.com\/de\/wp-json\/wp\/v2\/types\/page"}],"author":[{"embeddable":true,"href":"https:\/\/egestint.com\/de\/wp-json\/wp\/v2\/users\/2"}],"replies":[{"embeddable":true,"href":"https:\/\/egestint.com\/de\/wp-json\/wp\/v2\/comments?post=8009"}],"version-history":[{"count":9,"href":"https:\/\/egestint.com\/de\/wp-json\/wp\/v2\/pages\/8009\/revisions"}],"predecessor-version":[{"id":8025,"href":"https:\/\/egestint.com\/de\/wp-json\/wp\/v2\/pages\/8009\/revisions\/8025"}],"wp:attachment":[{"href":"https:\/\/egestint.com\/de\/wp-json\/wp\/v2\/media?parent=8009"}],"curies":[{"name":"wp","href":"https:\/\/api.w.org\/{rel}","templated":true}]}}