{"id":8039,"date":"2021-11-02T10:47:03","date_gmt":"2021-11-02T10:47:03","guid":{"rendered":"https:\/\/egestint.com\/?page_id=8039"},"modified":"2021-11-02T10:49:04","modified_gmt":"2021-11-02T10:49:04","slug":"zentren-fuer-berufliche-bildung","status":"publish","type":"page","link":"https:\/\/egestint.com\/de\/zentren-fuer-berufliche-bildung\/","title":{"rendered":"Zentren f\u00fcr berufliche Bildung"},"content":{"rendered":"\t\t<div data-elementor-type=\"wp-post\" data-elementor-id=\"8039\" class=\"elementor elementor-8039 elementor-7011\" data-elementor-settings=\"[]\">\n\t\t\t\t\t\t\t<div class=\"elementor-section-wrap\">\n\t\t\t\t\t\t\t<section class=\"elementor-section elementor-top-section elementor-element elementor-element-2fae4192 elementor-section-boxed elementor-section-height-default elementor-section-height-default\" data-id=\"2fae4192\" data-element_type=\"section\" data-settings=\"{&quot;shape_divider_top&quot;:&quot;mountains&quot;,&quot;shape_divider_bottom&quot;:&quot;mountains&quot;}\">\n\t\t\t\t\t<div class=\"elementor-shape elementor-shape-top\" data-negative=\"false\">\n\t\t\t<svg xmlns=\"http:\/\/www.w3.org\/2000\/svg\" viewBox=\"0 0 1000 100\" preserveAspectRatio=\"none\">\n\t<path class=\"elementor-shape-fill\" opacity=\"0.33\" d=\"M473,67.3c-203.9,88.3-263.1-34-320.3,0C66,119.1,0,59.7,0,59.7V0h1000v59.7 c0,0-62.1,26.1-94.9,29.3c-32.8,3.3-62.8-12.3-75.8-22.1C806,49.6,745.3,8.7,694.9,4.7S492.4,59,473,67.3z\"\/>\n\t<path class=\"elementor-shape-fill\" opacity=\"0.66\" d=\"M734,67.3c-45.5,0-77.2-23.2-129.1-39.1c-28.6-8.7-150.3-10.1-254,39.1 s-91.7-34.4-149.2,0C115.7,118.3,0,39.8,0,39.8V0h1000v36.5c0,0-28.2-18.5-92.1-18.5C810.2,18.1,775.7,67.3,734,67.3z\"\/>\n\t<path class=\"elementor-shape-fill\" d=\"M766.1,28.9c-200-57.5-266,65.5-395.1,19.5C242,1.8,242,5.4,184.8,20.6C128,35.8,132.3,44.9,89.9,52.5C28.6,63.7,0,0,0,0 h1000c0,0-9.9,40.9-83.6,48.1S829.6,47,766.1,28.9z\"\/>\n<\/svg>\t\t<\/div>\n\t\t\t\t<div class=\"elementor-shape elementor-shape-bottom\" data-negative=\"false\">\n\t\t\t<svg xmlns=\"http:\/\/www.w3.org\/2000\/svg\" viewBox=\"0 0 1000 100\" preserveAspectRatio=\"none\">\n\t<path class=\"elementor-shape-fill\" opacity=\"0.33\" d=\"M473,67.3c-203.9,88.3-263.1-34-320.3,0C66,119.1,0,59.7,0,59.7V0h1000v59.7 c0,0-62.1,26.1-94.9,29.3c-32.8,3.3-62.8-12.3-75.8-22.1C806,49.6,745.3,8.7,694.9,4.7S492.4,59,473,67.3z\"\/>\n\t<path class=\"elementor-shape-fill\" opacity=\"0.66\" d=\"M734,67.3c-45.5,0-77.2-23.2-129.1-39.1c-28.6-8.7-150.3-10.1-254,39.1 s-91.7-34.4-149.2,0C115.7,118.3,0,39.8,0,39.8V0h1000v36.5c0,0-28.2-18.5-92.1-18.5C810.2,18.1,775.7,67.3,734,67.3z\"\/>\n\t<path class=\"elementor-shape-fill\" d=\"M766.1,28.9c-200-57.5-266,65.5-395.1,19.5C242,1.8,242,5.4,184.8,20.6C128,35.8,132.3,44.9,89.9,52.5C28.6,63.7,0,0,0,0 h1000c0,0-9.9,40.9-83.6,48.1S829.6,47,766.1,28.9z\"\/>\n<\/svg>\t\t<\/div>\n\t\t\t\t\t<div class=\"elementor-container elementor-column-gap-default\">\n\t\t\t\t\t<div class=\"elementor-column elementor-col-100 elementor-top-column elementor-element elementor-element-4cb9382a\" data-id=\"4cb9382a\" data-element_type=\"column\">\n\t\t\t<div class=\"elementor-widget-wrap elementor-element-populated\">\n\t\t\t\t\t\t\t\t<div class=\"elementor-element elementor-element-153979a4 elementor-widget elementor-widget-heading\" data-id=\"153979a4\" data-element_type=\"widget\" data-widget_type=\"heading.default\">\n\t\t\t\t<div class=\"elementor-widget-container\">\n\t\t\t<h1 class=\"elementor-heading-title elementor-size-default\">Zentren f\u00fcr berufliche Bildung<\/h1>\t\t<\/div>\n\t\t\t\t<\/div>\n\t\t\t\t<div class=\"elementor-element elementor-element-4ee9568e elementor-widget elementor-widget-text-editor\" data-id=\"4ee9568e\" data-element_type=\"widget\" data-widget_type=\"text-editor.default\">\n\t\t\t\t<div class=\"elementor-widget-container\">\n\t\t\t\t\t<div class=\"elementor-text-editor elementor-clearfix\"><p><img loading=\"lazy\" decoding=\"async\" class=\"alignnone wp-image-6113 size-full\" src=\"https:\/\/egestint.com\/wp-content\/uploads\/2021\/03\/centros-formacion-egestint.png\" alt=\"\" width=\"96\" height=\"92\" \/><\/p><p>Die Plattformen erm\u00f6glichen es, die Form der Verwaltungs- und Buchhaltungsausbildung wie folgt anzupassen:<\/p><\/div>\n\t\t\t\t<\/div>\n\t\t\t\t<\/div>\n\t\t\t\t\t<\/div>\n\t\t<\/div>\n\t\t\t\t\t\t\t<\/div>\n\t\t<\/section>\n\t\t\t\t<section class=\"elementor-section elementor-top-section elementor-element elementor-element-8e56e9f elementor-section-boxed elementor-section-height-default elementor-section-height-default\" data-id=\"8e56e9f\" data-element_type=\"section\" data-settings=\"{&quot;shape_divider_top&quot;:&quot;mountains&quot;}\">\n\t\t\t\t\t<div class=\"elementor-shape elementor-shape-top\" data-negative=\"false\">\n\t\t\t<svg xmlns=\"http:\/\/www.w3.org\/2000\/svg\" viewBox=\"0 0 1000 100\" preserveAspectRatio=\"none\">\n\t<path class=\"elementor-shape-fill\" opacity=\"0.33\" d=\"M473,67.3c-203.9,88.3-263.1-34-320.3,0C66,119.1,0,59.7,0,59.7V0h1000v59.7 c0,0-62.1,26.1-94.9,29.3c-32.8,3.3-62.8-12.3-75.8-22.1C806,49.6,745.3,8.7,694.9,4.7S492.4,59,473,67.3z\"\/>\n\t<path class=\"elementor-shape-fill\" opacity=\"0.66\" d=\"M734,67.3c-45.5,0-77.2-23.2-129.1-39.1c-28.6-8.7-150.3-10.1-254,39.1 s-91.7-34.4-149.2,0C115.7,118.3,0,39.8,0,39.8V0h1000v36.5c0,0-28.2-18.5-92.1-18.5C810.2,18.1,775.7,67.3,734,67.3z\"\/>\n\t<path class=\"elementor-shape-fill\" d=\"M766.1,28.9c-200-57.5-266,65.5-395.1,19.5C242,1.8,242,5.4,184.8,20.6C128,35.8,132.3,44.9,89.9,52.5C28.6,63.7,0,0,0,0 h1000c0,0-9.9,40.9-83.6,48.1S829.6,47,766.1,28.9z\"\/>\n<\/svg>\t\t<\/div>\n\t\t\t\t\t<div class=\"elementor-container elementor-column-gap-default\">\n\t\t\t\t\t<div class=\"elementor-column elementor-col-50 elementor-top-column elementor-element elementor-element-6727bee\" data-id=\"6727bee\" data-element_type=\"column\">\n\t\t\t<div class=\"elementor-widget-wrap elementor-element-populated\">\n\t\t\t\t\t\t\t\t<section class=\"elementor-section elementor-inner-section elementor-element elementor-element-77c7abf elementor-section-boxed elementor-section-height-default elementor-section-height-default\" data-id=\"77c7abf\" data-element_type=\"section\">\n\t\t\t\t\t\t<div class=\"elementor-container elementor-column-gap-no\">\n\t\t\t\t\t<div class=\"elementor-column elementor-col-100 elementor-inner-column elementor-element elementor-element-84d6214\" data-id=\"84d6214\" data-element_type=\"column\">\n\t\t\t<div class=\"elementor-widget-wrap elementor-element-populated\">\n\t\t\t\t\t\t\t\t<div class=\"elementor-element elementor-element-2baeaf0 elementor-widget elementor-widget-wp-widget-media_image\" data-id=\"2baeaf0\" data-element_type=\"widget\" data-widget_type=\"wp-widget-media_image.default\">\n\t\t\t\t<div class=\"elementor-widget-container\">\n\t\t\t<img loading=\"lazy\" decoding=\"async\" width=\"600\" height=\"300\" src=\"https:\/\/egestint.com\/wp-content\/uploads\/2021\/03\/profesor-acceso-remoto-egestint.jpg\" class=\"image wp-image-7024  attachment-full size-full\" alt=\"\" style=\"max-width: 100%; height: auto;\" title=\"profesor-acceso-remoto-egestint\" srcset=\"https:\/\/egestint.com\/wp-content\/uploads\/2021\/03\/profesor-acceso-remoto-egestint.jpg 600w, https:\/\/egestint.com\/wp-content\/uploads\/2021\/03\/profesor-acceso-remoto-egestint-300x150.jpg 300w\" sizes=\"auto, (max-width: 600px) 100vw, 600px\" \/>\t\t<\/div>\n\t\t\t\t<\/div>\n\t\t\t\t<div class=\"elementor-element elementor-element-79eda36 elementor-widget elementor-widget-heading\" data-id=\"79eda36\" data-element_type=\"widget\" data-widget_type=\"heading.default\">\n\t\t\t\t<div class=\"elementor-widget-container\">\n\t\t\t<h4 class=\"elementor-heading-title elementor-size-default\">Der Professor kann per Fernzugriff darauf zugreifen<\/h4>\t\t<\/div>\n\t\t\t\t<\/div>\n\t\t\t\t<div class=\"elementor-element elementor-element-85a7a6f elementor-widget elementor-widget-heading\" data-id=\"85a7a6f\" data-element_type=\"widget\" data-widget_type=\"heading.default\">\n\t\t\t\t<div class=\"elementor-widget-container\">\n\t\t\t<p class=\"elementor-heading-title elementor-size-default\">Mit Hilfe eines Benutzerskonto und eines Passworts k\u00f6nnen Sie die Arbeit, die jeder Sch\u00fcler ausf\u00fchrt, unabh\u00e4ngig davon wo Sie sich befinden, bearbeiten ohne dass der Sch\u00fcler Zugang hat.<\/p>\t\t<\/div>\n\t\t\t\t<\/div>\n\t\t\t\t\t<\/div>\n\t\t<\/div>\n\t\t\t\t\t\t\t<\/div>\n\t\t<\/section>\n\t\t\t\t<section class=\"elementor-section elementor-inner-section elementor-element elementor-element-f08b941 elementor-section-boxed elementor-section-height-default elementor-section-height-default\" data-id=\"f08b941\" data-element_type=\"section\">\n\t\t\t\t\t\t<div class=\"elementor-container elementor-column-gap-no\">\n\t\t\t\t\t<div class=\"elementor-column elementor-col-100 elementor-inner-column elementor-element elementor-element-b93fc78\" data-id=\"b93fc78\" data-element_type=\"column\">\n\t\t\t<div class=\"elementor-widget-wrap elementor-element-populated\">\n\t\t\t\t\t\t\t\t<div class=\"elementor-element elementor-element-c4c3290 elementor-widget elementor-widget-wp-widget-media_image\" data-id=\"c4c3290\" data-element_type=\"widget\" data-widget_type=\"wp-widget-media_image.default\">\n\t\t\t\t<div class=\"elementor-widget-container\">\n\t\t\t<img loading=\"lazy\" decoding=\"async\" width=\"600\" height=\"300\" src=\"https:\/\/egestint.com\/wp-content\/uploads\/2021\/03\/alumno-trabajo-independiente-egestint.jpg\" class=\"image wp-image-7026  attachment-full size-full\" alt=\"\" style=\"max-width: 100%; height: auto;\" title=\"alumno-trabajo-independiente-egestint\" srcset=\"https:\/\/egestint.com\/wp-content\/uploads\/2021\/03\/alumno-trabajo-independiente-egestint.jpg 600w, https:\/\/egestint.com\/wp-content\/uploads\/2021\/03\/alumno-trabajo-independiente-egestint-300x150.jpg 300w\" sizes=\"auto, (max-width: 600px) 100vw, 600px\" \/>\t\t<\/div>\n\t\t\t\t<\/div>\n\t\t\t\t<div class=\"elementor-element elementor-element-e7db4b1 elementor-widget elementor-widget-heading\" data-id=\"e7db4b1\" data-element_type=\"widget\" data-widget_type=\"heading.default\">\n\t\t\t\t<div class=\"elementor-widget-container\">\n\t\t\t<h4 class=\"elementor-heading-title elementor-size-default\">Der Sch\u00fcler kann unabh\u00e4ngig arbeiten<\/h4>\t\t<\/div>\n\t\t\t\t<\/div>\n\t\t\t\t<div class=\"elementor-element elementor-element-978e239 elementor-widget elementor-widget-heading\" data-id=\"978e239\" data-element_type=\"widget\" data-widget_type=\"heading.default\">\n\t\t\t\t<div class=\"elementor-widget-container\">\n\t\t\t<p class=\"elementor-heading-title elementor-size-default\">Und die Dienste des Professors p\u00fcnktlich nutzen.<\/p>\t\t<\/div>\n\t\t\t\t<\/div>\n\t\t\t\t\t<\/div>\n\t\t<\/div>\n\t\t\t\t\t\t\t<\/div>\n\t\t<\/section>\n\t\t\t\t\t<\/div>\n\t\t<\/div>\n\t\t\t\t<div class=\"elementor-column elementor-col-50 elementor-top-column elementor-element elementor-element-e45cad0\" data-id=\"e45cad0\" data-element_type=\"column\">\n\t\t\t<div class=\"elementor-widget-wrap elementor-element-populated\">\n\t\t\t\t\t\t\t\t<section class=\"elementor-section elementor-inner-section elementor-element elementor-element-bcbe359 elementor-section-boxed elementor-section-height-default elementor-section-height-default\" data-id=\"bcbe359\" data-element_type=\"section\">\n\t\t\t\t\t\t<div class=\"elementor-container elementor-column-gap-no\">\n\t\t\t\t\t<div class=\"elementor-column elementor-col-100 elementor-inner-column elementor-element elementor-element-64c48ce\" data-id=\"64c48ce\" data-element_type=\"column\">\n\t\t\t<div class=\"elementor-widget-wrap elementor-element-populated\">\n\t\t\t\t\t\t\t\t<div class=\"elementor-element elementor-element-653a4e8 elementor-widget elementor-widget-wp-widget-media_image\" data-id=\"653a4e8\" data-element_type=\"widget\" data-widget_type=\"wp-widget-media_image.default\">\n\t\t\t\t<div class=\"elementor-widget-container\">\n\t\t\t<img loading=\"lazy\" decoding=\"async\" width=\"600\" height=\"300\" src=\"https:\/\/egestint.com\/wp-content\/uploads\/2021\/03\/alumno-practicas-egestint.jpg\" class=\"image wp-image-7025  attachment-full size-full\" alt=\"\" style=\"max-width: 100%; height: auto;\" title=\"alumno-practicas-egestint\" srcset=\"https:\/\/egestint.com\/wp-content\/uploads\/2021\/03\/alumno-practicas-egestint.jpg 600w, https:\/\/egestint.com\/wp-content\/uploads\/2021\/03\/alumno-practicas-egestint-300x150.jpg 300w\" sizes=\"auto, (max-width: 600px) 100vw, 600px\" \/>\t\t<\/div>\n\t\t\t\t<\/div>\n\t\t\t\t<div class=\"elementor-element elementor-element-7f04671 elementor-widget elementor-widget-heading\" data-id=\"7f04671\" data-element_type=\"widget\" data-widget_type=\"heading.default\">\n\t\t\t\t<div class=\"elementor-widget-container\">\n\t\t\t<h4 class=\"elementor-heading-title elementor-size-default\">Der Sch\u00fcler kann \u00dcbungen au\u00dferhalb des Zentrums durchf\u00fchren <\/h4>\t\t<\/div>\n\t\t\t\t<\/div>\n\t\t\t\t<div class=\"elementor-element elementor-element-5190f09 elementor-widget elementor-widget-heading\" data-id=\"5190f09\" data-element_type=\"widget\" data-widget_type=\"heading.default\">\n\t\t\t\t<div class=\"elementor-widget-container\">\n\t\t\t<p class=\"elementor-heading-title elementor-size-default\">Weil Sie sich nicht auf Nutzungsgenehmigungen st\u00fctzen m\u00fcssen, die die Anwesenheit in der Klasse erfordern.<\/p>\t\t<\/div>\n\t\t\t\t<\/div>\n\t\t\t\t\t<\/div>\n\t\t<\/div>\n\t\t\t\t\t\t\t<\/div>\n\t\t<\/section>\n\t\t\t\t<section class=\"elementor-section elementor-inner-section elementor-element elementor-element-c9a90fc elementor-section-boxed elementor-section-height-default elementor-section-height-default\" data-id=\"c9a90fc\" data-element_type=\"section\">\n\t\t\t\t\t\t<div class=\"elementor-container elementor-column-gap-no\">\n\t\t\t\t\t<div class=\"elementor-column elementor-col-100 elementor-inner-column elementor-element elementor-element-1bcb00d\" data-id=\"1bcb00d\" data-element_type=\"column\">\n\t\t\t<div class=\"elementor-widget-wrap elementor-element-populated\">\n\t\t\t\t\t\t\t\t<div class=\"elementor-element elementor-element-b9b4c44 elementor-widget elementor-widget-wp-widget-media_image\" data-id=\"b9b4c44\" data-element_type=\"widget\" data-widget_type=\"wp-widget-media_image.default\">\n\t\t\t\t<div class=\"elementor-widget-container\">\n\t\t\t<img loading=\"lazy\" decoding=\"async\" width=\"600\" height=\"300\" src=\"https:\/\/egestint.com\/wp-content\/uploads\/2021\/03\/formacion-administrativa-idiomas-egestint.jpg\" class=\"image wp-image-7027  attachment-full size-full\" alt=\"\" style=\"max-width: 100%; height: auto;\" title=\"formacion-administrativa-idiomas-egestint\" srcset=\"https:\/\/egestint.com\/wp-content\/uploads\/2021\/03\/formacion-administrativa-idiomas-egestint.jpg 600w, https:\/\/egestint.com\/wp-content\/uploads\/2021\/03\/formacion-administrativa-idiomas-egestint-300x150.jpg 300w\" sizes=\"auto, (max-width: 600px) 100vw, 600px\" \/>\t\t<\/div>\n\t\t\t\t<\/div>\n\t\t\t\t<div class=\"elementor-element elementor-element-f6be621 elementor-widget elementor-widget-heading\" data-id=\"f6be621\" data-element_type=\"widget\" data-widget_type=\"heading.default\">\n\t\t\t\t<div class=\"elementor-widget-container\">\n\t\t\t<h4 class=\"elementor-heading-title elementor-size-default\">Sch\u00fcler k\u00f6nnen ihre Verwaltungs- und Buchhaltungssausbildung in mehreren Sprachen absolvieren <\/h4>\t\t<\/div>\n\t\t\t\t<\/div>\n\t\t\t\t<div class=\"elementor-element elementor-element-4f5ebb4 elementor-widget elementor-widget-heading\" data-id=\"4f5ebb4\" data-element_type=\"widget\" data-widget_type=\"heading.default\">\n\t\t\t\t<div class=\"elementor-widget-container\">\n\t\t\t<p class=\"elementor-heading-title elementor-size-default\">Dies kann zu mehr beruflichen M\u00f6glichkeiten f\u00fchren.<\/p>\t\t<\/div>\n\t\t\t\t<\/div>\n\t\t\t\t\t<\/div>\n\t\t<\/div>\n\t\t\t\t\t\t\t<\/div>\n\t\t<\/section>\n\t\t\t\t\t<\/div>\n\t\t<\/div>\n\t\t\t\t\t\t\t<\/div>\n\t\t<\/section>\n\t\t\t\t<section class=\"elementor-section elementor-top-section elementor-element elementor-element-52ef2719 elementor-section-boxed elementor-section-height-default elementor-section-height-default\" data-id=\"52ef2719\" data-element_type=\"section\">\n\t\t\t\t\t\t<div class=\"elementor-container elementor-column-gap-default\">\n\t\t\t\t\t<div class=\"elementor-column elementor-col-100 elementor-top-column elementor-element elementor-element-5f0acccf\" data-id=\"5f0acccf\" data-element_type=\"column\">\n\t\t\t<div class=\"elementor-widget-wrap elementor-element-populated\">\n\t\t\t\t\t\t\t\t<div class=\"elementor-element elementor-element-76019fc6 elementor-widget elementor-widget-heading\" data-id=\"76019fc6\" data-element_type=\"widget\" data-widget_type=\"heading.default\">\n\t\t\t\t<div class=\"elementor-widget-container\">\n\t\t\t<h2 class=\"elementor-heading-title elementor-size-default\">Optimierung der Ausbildung, Erleichterung der Lehrerarbeit und die Leistungen der Sch\u00fcler werden gesteigert.<\/h2>\t\t<\/div>\n\t\t\t\t<\/div>\n\t\t\t\t\t<\/div>\n\t\t<\/div>\n\t\t\t\t\t\t\t<\/div>\n\t\t<\/section>\n\t\t\t\t\t\t<\/div>\n\t\t\t\t\t<\/div>\n\t\t","protected":false},"excerpt":{"rendered":"<p>Zentren f\u00fcr berufliche Bildung Die Plattformen erm\u00f6glichen es, die Form der Verwaltungs- und Buchhaltungsausbildung wie folgt anzupassen: Der Professor kann per Fernzugriff darauf zugreifen Mit Hilfe eines Benutzerskonto und eines Passworts k\u00f6nnen Sie die Arbeit, die jeder Sch\u00fcler ausf\u00fchrt, unabh\u00e4ngig davon wo Sie sich befinden, bearbeiten ohne dass der Sch\u00fcler Zugang hat. Der Sch\u00fcler kann [&hellip;]<\/p>\n","protected":false},"author":2,"featured_media":0,"parent":0,"menu_order":0,"comment_status":"closed","ping_status":"closed","template":"elementor_header_footer","meta":{"footnotes":""},"class_list":["post-8039","page","type-page","status-publish","hentry","no-post-thumbnail"],"_links":{"self":[{"href":"https:\/\/egestint.com\/de\/wp-json\/wp\/v2\/pages\/8039","targetHints":{"allow":["GET"]}}],"collection":[{"href":"https:\/\/egestint.com\/de\/wp-json\/wp\/v2\/pages"}],"about":[{"href":"https:\/\/egestint.com\/de\/wp-json\/wp\/v2\/types\/page"}],"author":[{"embeddable":true,"href":"https:\/\/egestint.com\/de\/wp-json\/wp\/v2\/users\/2"}],"replies":[{"embeddable":true,"href":"https:\/\/egestint.com\/de\/wp-json\/wp\/v2\/comments?post=8039"}],"version-history":[{"count":11,"href":"https:\/\/egestint.com\/de\/wp-json\/wp\/v2\/pages\/8039\/revisions"}],"predecessor-version":[{"id":8050,"href":"https:\/\/egestint.com\/de\/wp-json\/wp\/v2\/pages\/8039\/revisions\/8050"}],"wp:attachment":[{"href":"https:\/\/egestint.com\/de\/wp-json\/wp\/v2\/media?parent=8039"}],"curies":[{"name":"wp","href":"https:\/\/api.w.org\/{rel}","templated":true}]}}