{"id":8052,"date":"2021-11-02T10:51:03","date_gmt":"2021-11-02T10:51:03","guid":{"rendered":"https:\/\/egestint.com\/?page_id=8052"},"modified":"2021-11-02T10:53:48","modified_gmt":"2021-11-02T10:53:48","slug":"beihilfen-und-zuschuesse","status":"publish","type":"page","link":"https:\/\/egestint.com\/de\/beihilfen-und-zuschuesse\/","title":{"rendered":"Beihilfen und Zusch\u00fcsse"},"content":{"rendered":"\t\t<div data-elementor-type=\"wp-post\" data-elementor-id=\"8052\" class=\"elementor elementor-8052 elementor-3984\" data-elementor-settings=\"[]\">\n\t\t\t\t\t\t\t<div class=\"elementor-section-wrap\">\n\t\t\t\t\t\t\t<section class=\"elementor-section elementor-top-section elementor-element elementor-element-2fae4192 elementor-section-boxed elementor-section-height-default elementor-section-height-default\" data-id=\"2fae4192\" data-element_type=\"section\" data-settings=\"{&quot;shape_divider_top&quot;:&quot;mountains&quot;,&quot;shape_divider_bottom&quot;:&quot;mountains&quot;}\">\n\t\t\t\t\t<div class=\"elementor-shape elementor-shape-top\" data-negative=\"false\">\n\t\t\t<svg xmlns=\"http:\/\/www.w3.org\/2000\/svg\" viewBox=\"0 0 1000 100\" preserveAspectRatio=\"none\">\n\t<path class=\"elementor-shape-fill\" opacity=\"0.33\" d=\"M473,67.3c-203.9,88.3-263.1-34-320.3,0C66,119.1,0,59.7,0,59.7V0h1000v59.7 c0,0-62.1,26.1-94.9,29.3c-32.8,3.3-62.8-12.3-75.8-22.1C806,49.6,745.3,8.7,694.9,4.7S492.4,59,473,67.3z\"\/>\n\t<path class=\"elementor-shape-fill\" opacity=\"0.66\" d=\"M734,67.3c-45.5,0-77.2-23.2-129.1-39.1c-28.6-8.7-150.3-10.1-254,39.1 s-91.7-34.4-149.2,0C115.7,118.3,0,39.8,0,39.8V0h1000v36.5c0,0-28.2-18.5-92.1-18.5C810.2,18.1,775.7,67.3,734,67.3z\"\/>\n\t<path class=\"elementor-shape-fill\" d=\"M766.1,28.9c-200-57.5-266,65.5-395.1,19.5C242,1.8,242,5.4,184.8,20.6C128,35.8,132.3,44.9,89.9,52.5C28.6,63.7,0,0,0,0 h1000c0,0-9.9,40.9-83.6,48.1S829.6,47,766.1,28.9z\"\/>\n<\/svg>\t\t<\/div>\n\t\t\t\t<div class=\"elementor-shape elementor-shape-bottom\" data-negative=\"false\">\n\t\t\t<svg xmlns=\"http:\/\/www.w3.org\/2000\/svg\" viewBox=\"0 0 1000 100\" preserveAspectRatio=\"none\">\n\t<path class=\"elementor-shape-fill\" opacity=\"0.33\" d=\"M473,67.3c-203.9,88.3-263.1-34-320.3,0C66,119.1,0,59.7,0,59.7V0h1000v59.7 c0,0-62.1,26.1-94.9,29.3c-32.8,3.3-62.8-12.3-75.8-22.1C806,49.6,745.3,8.7,694.9,4.7S492.4,59,473,67.3z\"\/>\n\t<path class=\"elementor-shape-fill\" opacity=\"0.66\" d=\"M734,67.3c-45.5,0-77.2-23.2-129.1-39.1c-28.6-8.7-150.3-10.1-254,39.1 s-91.7-34.4-149.2,0C115.7,118.3,0,39.8,0,39.8V0h1000v36.5c0,0-28.2-18.5-92.1-18.5C810.2,18.1,775.7,67.3,734,67.3z\"\/>\n\t<path class=\"elementor-shape-fill\" d=\"M766.1,28.9c-200-57.5-266,65.5-395.1,19.5C242,1.8,242,5.4,184.8,20.6C128,35.8,132.3,44.9,89.9,52.5C28.6,63.7,0,0,0,0 h1000c0,0-9.9,40.9-83.6,48.1S829.6,47,766.1,28.9z\"\/>\n<\/svg>\t\t<\/div>\n\t\t\t\t\t<div class=\"elementor-container elementor-column-gap-default\">\n\t\t\t\t\t<div class=\"elementor-column elementor-col-100 elementor-top-column elementor-element elementor-element-4cb9382a\" data-id=\"4cb9382a\" data-element_type=\"column\">\n\t\t\t<div class=\"elementor-widget-wrap elementor-element-populated\">\n\t\t\t\t\t\t\t\t<div class=\"elementor-element elementor-element-153979a4 elementor-widget elementor-widget-heading\" data-id=\"153979a4\" data-element_type=\"widget\" data-widget_type=\"heading.default\">\n\t\t\t\t<div class=\"elementor-widget-container\">\n\t\t\t<h1 class=\"elementor-heading-title elementor-size-default\">Beihilfen und Zusch\u00fcsse<\/h1>\t\t<\/div>\n\t\t\t\t<\/div>\n\t\t\t\t<div class=\"elementor-element elementor-element-4ee9568e elementor-widget elementor-widget-text-editor\" data-id=\"4ee9568e\" data-element_type=\"widget\" data-widget_type=\"text-editor.default\">\n\t\t\t\t<div class=\"elementor-widget-container\">\n\t\t\t\t\t<div class=\"elementor-text-editor elementor-clearfix\"><p><img loading=\"lazy\" decoding=\"async\" class=\"size-full wp-image-6121 aligncenter\" src=\"https:\/\/egestint.com\/wp-content\/uploads\/2021\/03\/ayudas-y-subvenciones-egeestint-2.png\" alt=\"\" width=\"95\" height=\"96\" srcset=\"https:\/\/egestint.com\/wp-content\/uploads\/2021\/03\/ayudas-y-subvenciones-egeestint-2.png 95w, https:\/\/egestint.com\/wp-content\/uploads\/2021\/03\/ayudas-y-subvenciones-egeestint-2-80x80.png 80w, https:\/\/egestint.com\/wp-content\/uploads\/2021\/03\/ayudas-y-subvenciones-egeestint-2-70x70.png 70w, https:\/\/egestint.com\/wp-content\/uploads\/2021\/03\/ayudas-y-subvenciones-egeestint-2-75x75.png 75w\" sizes=\"auto, (max-width: 95px) 100vw, 95px\" \/><\/p><p class=\"MsoNormal\">Unsere Organisation verf\u00fcgt \u00fcber eine Abteilung f\u00fcr die Bearbeitung von Beihilfen und Zusch\u00fcssen im Zusammenhang mit der Einrichtung und Durchf\u00fchrung von Projekten auf der Grundlage der <strong>EGESTINT-Plattformen<\/strong>:<\/p><\/div>\n\t\t\t\t<\/div>\n\t\t\t\t<\/div>\n\t\t\t\t\t<\/div>\n\t\t<\/div>\n\t\t\t\t\t\t\t<\/div>\n\t\t<\/section>\n\t\t\t\t<section class=\"elementor-section elementor-top-section elementor-element elementor-element-8e56e9f elementor-section-boxed elementor-section-height-default elementor-section-height-default\" data-id=\"8e56e9f\" data-element_type=\"section\" data-settings=\"{&quot;shape_divider_top&quot;:&quot;mountains&quot;}\">\n\t\t\t\t\t<div class=\"elementor-shape elementor-shape-top\" data-negative=\"false\">\n\t\t\t<svg xmlns=\"http:\/\/www.w3.org\/2000\/svg\" viewBox=\"0 0 1000 100\" preserveAspectRatio=\"none\">\n\t<path class=\"elementor-shape-fill\" opacity=\"0.33\" d=\"M473,67.3c-203.9,88.3-263.1-34-320.3,0C66,119.1,0,59.7,0,59.7V0h1000v59.7 c0,0-62.1,26.1-94.9,29.3c-32.8,3.3-62.8-12.3-75.8-22.1C806,49.6,745.3,8.7,694.9,4.7S492.4,59,473,67.3z\"\/>\n\t<path class=\"elementor-shape-fill\" opacity=\"0.66\" d=\"M734,67.3c-45.5,0-77.2-23.2-129.1-39.1c-28.6-8.7-150.3-10.1-254,39.1 s-91.7-34.4-149.2,0C115.7,118.3,0,39.8,0,39.8V0h1000v36.5c0,0-28.2-18.5-92.1-18.5C810.2,18.1,775.7,67.3,734,67.3z\"\/>\n\t<path class=\"elementor-shape-fill\" d=\"M766.1,28.9c-200-57.5-266,65.5-395.1,19.5C242,1.8,242,5.4,184.8,20.6C128,35.8,132.3,44.9,89.9,52.5C28.6,63.7,0,0,0,0 h1000c0,0-9.9,40.9-83.6,48.1S829.6,47,766.1,28.9z\"\/>\n<\/svg>\t\t<\/div>\n\t\t\t\t\t<div class=\"elementor-container elementor-column-gap-default\">\n\t\t\t\t\t<div class=\"elementor-column elementor-col-50 elementor-top-column elementor-element elementor-element-6727bee\" data-id=\"6727bee\" data-element_type=\"column\">\n\t\t\t<div class=\"elementor-widget-wrap elementor-element-populated\">\n\t\t\t\t\t\t\t\t<div class=\"elementor-element elementor-element-05ac1dd elementor-widget elementor-widget-image\" data-id=\"05ac1dd\" data-element_type=\"widget\" data-widget_type=\"image.default\">\n\t\t\t\t<div class=\"elementor-widget-container\">\n\t\t\t\t\t<div class=\"elementor-image\">\n\t\t\t\t\t\t\t\t\t\t<img loading=\"lazy\" decoding=\"async\" width=\"2350\" height=\"2560\" src=\"https:\/\/egestint.com\/wp-content\/uploads\/2021\/03\/ayudas-y-subvenciones-egestint-1-scaled.jpg\" class=\"attachment-full size-full\" alt=\"\" srcset=\"https:\/\/egestint.com\/wp-content\/uploads\/2021\/03\/ayudas-y-subvenciones-egestint-1-scaled.jpg 2350w, https:\/\/egestint.com\/wp-content\/uploads\/2021\/03\/ayudas-y-subvenciones-egestint-1-275x300.jpg 275w, https:\/\/egestint.com\/wp-content\/uploads\/2021\/03\/ayudas-y-subvenciones-egestint-1-940x1024.jpg 940w, https:\/\/egestint.com\/wp-content\/uploads\/2021\/03\/ayudas-y-subvenciones-egestint-1-768x837.jpg 768w, https:\/\/egestint.com\/wp-content\/uploads\/2021\/03\/ayudas-y-subvenciones-egestint-1-1410x1536.jpg 1410w, https:\/\/egestint.com\/wp-content\/uploads\/2021\/03\/ayudas-y-subvenciones-egestint-1-1880x2048.jpg 1880w\" sizes=\"auto, (max-width: 2350px) 100vw, 2350px\" \/>\t\t\t\t\t\t\t\t\t\t\t<\/div>\n\t\t\t\t<\/div>\n\t\t\t\t<\/div>\n\t\t\t\t\t<\/div>\n\t\t<\/div>\n\t\t\t\t<div class=\"elementor-column elementor-col-50 elementor-top-column elementor-element elementor-element-e45cad0\" data-id=\"e45cad0\" data-element_type=\"column\">\n\t\t\t<div class=\"elementor-widget-wrap elementor-element-populated\">\n\t\t\t\t\t\t\t\t<section class=\"elementor-section elementor-inner-section elementor-element elementor-element-77c7abf elementor-section-boxed elementor-section-height-default elementor-section-height-default\" data-id=\"77c7abf\" data-element_type=\"section\">\n\t\t\t\t\t\t<div class=\"elementor-container elementor-column-gap-no\">\n\t\t\t\t\t<div class=\"elementor-column elementor-col-50 elementor-inner-column elementor-element elementor-element-6ca6931\" data-id=\"6ca6931\" data-element_type=\"column\">\n\t\t\t<div class=\"elementor-widget-wrap elementor-element-populated\">\n\t\t\t\t\t\t\t\t<div class=\"elementor-element elementor-element-4ae582a elementor-widget elementor-widget-image\" data-id=\"4ae582a\" data-element_type=\"widget\" data-widget_type=\"image.default\">\n\t\t\t\t<div class=\"elementor-widget-container\">\n\t\t\t\t\t<div class=\"elementor-image\">\n\t\t\t\t\t\t\t\t\t\t<img loading=\"lazy\" decoding=\"async\" width=\"40\" height=\"40\" src=\"https:\/\/egestint.com\/wp-content\/uploads\/2021\/03\/icono-egestint-2.png\" class=\"attachment-full size-full\" alt=\"\" \/>\t\t\t\t\t\t\t\t\t\t\t<\/div>\n\t\t\t\t<\/div>\n\t\t\t\t<\/div>\n\t\t\t\t\t<\/div>\n\t\t<\/div>\n\t\t\t\t<div class=\"elementor-column elementor-col-50 elementor-inner-column elementor-element elementor-element-84d6214\" data-id=\"84d6214\" data-element_type=\"column\">\n\t\t\t<div class=\"elementor-widget-wrap elementor-element-populated\">\n\t\t\t\t\t\t\t\t<div class=\"elementor-element elementor-element-79eda36 elementor-widget elementor-widget-heading\" data-id=\"79eda36\" data-element_type=\"widget\" data-widget_type=\"heading.default\">\n\t\t\t\t<div class=\"elementor-widget-container\">\n\t\t\t<h4 class=\"elementor-heading-title elementor-size-default\">Anpassung der Hilfen<\/h4>\t\t<\/div>\n\t\t\t\t<\/div>\n\t\t\t\t<div class=\"elementor-element elementor-element-85a7a6f elementor-widget elementor-widget-heading\" data-id=\"85a7a6f\" data-element_type=\"widget\" data-widget_type=\"heading.default\">\n\t\t\t\t<div class=\"elementor-widget-container\">\n\t\t\t<p class=\"elementor-heading-title elementor-size-default\">Anpassung an die spezifischen Bed\u00fcrfnisse der einzelnen Kunden.<\/p>\t\t<\/div>\n\t\t\t\t<\/div>\n\t\t\t\t\t<\/div>\n\t\t<\/div>\n\t\t\t\t\t\t\t<\/div>\n\t\t<\/section>\n\t\t\t\t<section class=\"elementor-section elementor-inner-section elementor-element elementor-element-f08b941 elementor-section-boxed elementor-section-height-default elementor-section-height-default\" data-id=\"f08b941\" data-element_type=\"section\">\n\t\t\t\t\t\t<div class=\"elementor-container elementor-column-gap-no\">\n\t\t\t\t\t<div class=\"elementor-column elementor-col-50 elementor-inner-column elementor-element elementor-element-abf35fb\" data-id=\"abf35fb\" data-element_type=\"column\">\n\t\t\t<div class=\"elementor-widget-wrap elementor-element-populated\">\n\t\t\t\t\t\t\t\t<div class=\"elementor-element elementor-element-d195f91 elementor-widget elementor-widget-image\" data-id=\"d195f91\" data-element_type=\"widget\" data-widget_type=\"image.default\">\n\t\t\t\t<div class=\"elementor-widget-container\">\n\t\t\t\t\t<div class=\"elementor-image\">\n\t\t\t\t\t\t\t\t\t\t<img loading=\"lazy\" decoding=\"async\" width=\"40\" height=\"40\" src=\"https:\/\/egestint.com\/wp-content\/uploads\/2021\/03\/icono-egestint-2.png\" class=\"attachment-full size-full\" alt=\"\" \/>\t\t\t\t\t\t\t\t\t\t\t<\/div>\n\t\t\t\t<\/div>\n\t\t\t\t<\/div>\n\t\t\t\t\t<\/div>\n\t\t<\/div>\n\t\t\t\t<div class=\"elementor-column elementor-col-50 elementor-inner-column elementor-element elementor-element-b93fc78\" data-id=\"b93fc78\" data-element_type=\"column\">\n\t\t\t<div class=\"elementor-widget-wrap elementor-element-populated\">\n\t\t\t\t\t\t\t\t<div class=\"elementor-element elementor-element-e7db4b1 elementor-widget elementor-widget-heading\" data-id=\"e7db4b1\" data-element_type=\"widget\" data-widget_type=\"heading.default\">\n\t\t\t\t<div class=\"elementor-widget-container\">\n\t\t\t<h4 class=\"elementor-heading-title elementor-size-default\">Anschluss an die Verkaufterminals<\/h4>\t\t<\/div>\n\t\t\t\t<\/div>\n\t\t\t\t<div class=\"elementor-element elementor-element-978e239 elementor-widget elementor-widget-heading\" data-id=\"978e239\" data-element_type=\"widget\" data-widget_type=\"heading.default\">\n\t\t\t\t<div class=\"elementor-widget-container\">\n\t\t\t<p class=\"elementor-heading-title elementor-size-default\">Verbindung zu den Verkaufsstellen und dergleichen f\u00fcr Gastronomie und Handel.<\/p>\t\t<\/div>\n\t\t\t\t<\/div>\n\t\t\t\t\t<\/div>\n\t\t<\/div>\n\t\t\t\t\t\t\t<\/div>\n\t\t<\/section>\n\t\t\t\t<section class=\"elementor-section elementor-inner-section elementor-element elementor-element-bcbe359 elementor-section-boxed elementor-section-height-default elementor-section-height-default\" data-id=\"bcbe359\" data-element_type=\"section\">\n\t\t\t\t\t\t<div class=\"elementor-container elementor-column-gap-no\">\n\t\t\t\t\t<div class=\"elementor-column elementor-col-50 elementor-inner-column elementor-element elementor-element-84cccf5\" data-id=\"84cccf5\" data-element_type=\"column\">\n\t\t\t<div class=\"elementor-widget-wrap elementor-element-populated\">\n\t\t\t\t\t\t\t\t<div class=\"elementor-element elementor-element-93e4615 elementor-widget elementor-widget-image\" data-id=\"93e4615\" data-element_type=\"widget\" data-widget_type=\"image.default\">\n\t\t\t\t<div class=\"elementor-widget-container\">\n\t\t\t\t\t<div class=\"elementor-image\">\n\t\t\t\t\t\t\t\t\t\t<img loading=\"lazy\" decoding=\"async\" width=\"40\" height=\"40\" src=\"https:\/\/egestint.com\/wp-content\/uploads\/2021\/03\/icono-egestint-2.png\" class=\"attachment-full size-full\" alt=\"\" \/>\t\t\t\t\t\t\t\t\t\t\t<\/div>\n\t\t\t\t<\/div>\n\t\t\t\t<\/div>\n\t\t\t\t\t<\/div>\n\t\t<\/div>\n\t\t\t\t<div class=\"elementor-column elementor-col-50 elementor-inner-column elementor-element elementor-element-64c48ce\" data-id=\"64c48ce\" data-element_type=\"column\">\n\t\t\t<div class=\"elementor-widget-wrap elementor-element-populated\">\n\t\t\t\t\t\t\t\t<div class=\"elementor-element elementor-element-7f04671 elementor-widget elementor-widget-heading\" data-id=\"7f04671\" data-element_type=\"widget\" data-widget_type=\"heading.default\">\n\t\t\t\t<div class=\"elementor-widget-container\">\n\t\t\t<h4 class=\"elementor-heading-title elementor-size-default\">Verbindung zu ON-LINE Shops<\/h4>\t\t<\/div>\n\t\t\t\t<\/div>\n\t\t\t\t<div class=\"elementor-element elementor-element-5190f09 elementor-widget elementor-widget-heading\" data-id=\"5190f09\" data-element_type=\"widget\" data-widget_type=\"heading.default\">\n\t\t\t\t<div class=\"elementor-widget-container\">\n\t\t\t<p class=\"elementor-heading-title elementor-size-default\">In und unter Ber\u00fccksichtigung der verschiedenen Sprachen, in denen die Plattformen arbeiten.<\/p>\t\t<\/div>\n\t\t\t\t<\/div>\n\t\t\t\t\t<\/div>\n\t\t<\/div>\n\t\t\t\t\t\t\t<\/div>\n\t\t<\/section>\n\t\t\t\t<section class=\"elementor-section elementor-inner-section elementor-element elementor-element-c9a90fc elementor-section-boxed elementor-section-height-default elementor-section-height-default\" data-id=\"c9a90fc\" data-element_type=\"section\">\n\t\t\t\t\t\t<div class=\"elementor-container elementor-column-gap-no\">\n\t\t\t\t\t<div class=\"elementor-column elementor-col-50 elementor-inner-column elementor-element elementor-element-97e9961\" data-id=\"97e9961\" data-element_type=\"column\">\n\t\t\t<div class=\"elementor-widget-wrap elementor-element-populated\">\n\t\t\t\t\t\t\t\t<div class=\"elementor-element elementor-element-e573db7 elementor-widget elementor-widget-image\" data-id=\"e573db7\" data-element_type=\"widget\" data-widget_type=\"image.default\">\n\t\t\t\t<div class=\"elementor-widget-container\">\n\t\t\t\t\t<div class=\"elementor-image\">\n\t\t\t\t\t\t\t\t\t\t<img loading=\"lazy\" decoding=\"async\" width=\"40\" height=\"40\" src=\"https:\/\/egestint.com\/wp-content\/uploads\/2021\/03\/icono-egestint-2.png\" class=\"attachment-full size-full\" alt=\"\" \/>\t\t\t\t\t\t\t\t\t\t\t<\/div>\n\t\t\t\t<\/div>\n\t\t\t\t<\/div>\n\t\t\t\t\t<\/div>\n\t\t<\/div>\n\t\t\t\t<div class=\"elementor-column elementor-col-50 elementor-inner-column elementor-element elementor-element-1bcb00d\" data-id=\"1bcb00d\" data-element_type=\"column\">\n\t\t\t<div class=\"elementor-widget-wrap elementor-element-populated\">\n\t\t\t\t\t\t\t\t<div class=\"elementor-element elementor-element-f6be621 elementor-widget elementor-widget-heading\" data-id=\"f6be621\" data-element_type=\"widget\" data-widget_type=\"heading.default\">\n\t\t\t\t<div class=\"elementor-widget-container\">\n\t\t\t<h4 class=\"elementor-heading-title elementor-size-default\">Verbindung zu anderen arten von Terminals.<\/h4>\t\t<\/div>\n\t\t\t\t<\/div>\n\t\t\t\t\t<\/div>\n\t\t<\/div>\n\t\t\t\t\t\t\t<\/div>\n\t\t<\/section>\n\t\t\t\t\t<\/div>\n\t\t<\/div>\n\t\t\t\t\t\t\t<\/div>\n\t\t<\/section>\n\t\t\t\t<section class=\"elementor-section elementor-top-section elementor-element elementor-element-52ef2719 elementor-section-boxed elementor-section-height-default elementor-section-height-default\" data-id=\"52ef2719\" data-element_type=\"section\">\n\t\t\t\t\t\t<div class=\"elementor-container elementor-column-gap-default\">\n\t\t\t\t\t<div class=\"elementor-column elementor-col-50 elementor-top-column elementor-element elementor-element-5f0acccf\" data-id=\"5f0acccf\" data-element_type=\"column\">\n\t\t\t<div class=\"elementor-widget-wrap elementor-element-populated\">\n\t\t\t\t\t\t\t\t<div class=\"elementor-element elementor-element-76019fc6 elementor-widget elementor-widget-heading\" data-id=\"76019fc6\" data-element_type=\"widget\" data-widget_type=\"heading.default\">\n\t\t\t\t<div class=\"elementor-widget-container\">\n\t\t\t<h2 class=\"elementor-heading-title elementor-size-default\">Wie funktionieren diese denn?<\/h2>\t\t<\/div>\n\t\t\t\t<\/div>\n\t\t\t\t<div class=\"elementor-element elementor-element-70f77d5f elementor-widget elementor-widget-text-editor\" data-id=\"70f77d5f\" data-element_type=\"widget\" data-widget_type=\"text-editor.default\">\n\t\t\t\t<div class=\"elementor-widget-container\">\n\t\t\t\t\t<div class=\"elementor-text-editor elementor-clearfix\"><p>Einige der ver\u00f6ffentlichten Beihilfen und Zusch\u00fcsse sind mit einem Gesch\u00e4ftsprojekt verbunden (z. B. die Entwicklung einer WEB, unter anderem), um diese Investition machbar und rentabel zu machen und die Operation zu genehmigen. Wir k\u00f6nnen es auch auf der Ebene der Beratung f\u00fcr Organisation und Informatik weiterentwickeln.<\/p><p>Themen wie die Nutzung von Exportplattformen sind auch in einigen zu Beihilfen und Subventionen enthalten.<\/p><p>Da es sich um WEB-CLOUD-Anwendungen handelt, gibt es bestimmte europ\u00e4ische Fonds und spezielle f\u00fcr diese Produkte.<br \/>Es ist wichtig das Projekt im Vorfeld zu planen, damit wenn es ver\u00f6ffentlicht wird, schnell gehandelt werden kann. Die meisten arbeiten auf Eigangsdatum und werden elektronisch bearbeitet.<\/p><\/div>\n\t\t\t\t<\/div>\n\t\t\t\t<\/div>\n\t\t\t\t\t<\/div>\n\t\t<\/div>\n\t\t\t\t<div class=\"elementor-column elementor-col-50 elementor-top-column elementor-element elementor-element-d6f2e18\" data-id=\"d6f2e18\" data-element_type=\"column\">\n\t\t\t<div class=\"elementor-widget-wrap elementor-element-populated\">\n\t\t\t\t\t\t\t\t<div class=\"elementor-element elementor-element-13bb116d elementor-widget elementor-widget-image\" data-id=\"13bb116d\" data-element_type=\"widget\" data-widget_type=\"image.default\">\n\t\t\t\t<div class=\"elementor-widget-container\">\n\t\t\t\t\t<div class=\"elementor-image\">\n\t\t\t\t\t\t\t\t\t\t<img loading=\"lazy\" decoding=\"async\" width=\"1252\" height=\"1512\" src=\"https:\/\/egestint.com\/wp-content\/uploads\/2021\/03\/ayudas-y-subvenciones-egeestint-como-funciona-1.jpg\" class=\"attachment-full size-full\" alt=\"\" srcset=\"https:\/\/egestint.com\/wp-content\/uploads\/2021\/03\/ayudas-y-subvenciones-egeestint-como-funciona-1.jpg 1252w, https:\/\/egestint.com\/wp-content\/uploads\/2021\/03\/ayudas-y-subvenciones-egeestint-como-funciona-1-248x300.jpg 248w, https:\/\/egestint.com\/wp-content\/uploads\/2021\/03\/ayudas-y-subvenciones-egeestint-como-funciona-1-848x1024.jpg 848w, https:\/\/egestint.com\/wp-content\/uploads\/2021\/03\/ayudas-y-subvenciones-egeestint-como-funciona-1-768x927.jpg 768w\" sizes=\"auto, (max-width: 1252px) 100vw, 1252px\" \/>\t\t\t\t\t\t\t\t\t\t\t<\/div>\n\t\t\t\t<\/div>\n\t\t\t\t<\/div>\n\t\t\t\t\t<\/div>\n\t\t<\/div>\n\t\t\t\t\t\t\t<\/div>\n\t\t<\/section>\n\t\t\t\t\t\t<\/div>\n\t\t\t\t\t<\/div>\n\t\t","protected":false},"excerpt":{"rendered":"<p>Beihilfen und Zusch\u00fcsse Unsere Organisation verf\u00fcgt \u00fcber eine Abteilung f\u00fcr die Bearbeitung von Beihilfen und Zusch\u00fcssen im Zusammenhang mit der Einrichtung und Durchf\u00fchrung von Projekten auf der Grundlage der EGESTINT-Plattformen: Anpassung der Hilfen Anpassung an die spezifischen Bed\u00fcrfnisse der einzelnen Kunden. Anschluss an die Verkaufterminals Verbindung zu den Verkaufsstellen und dergleichen f\u00fcr Gastronomie und Handel. [&hellip;]<\/p>\n","protected":false},"author":2,"featured_media":0,"parent":0,"menu_order":0,"comment_status":"closed","ping_status":"closed","template":"elementor_header_footer","meta":{"footnotes":""},"class_list":["post-8052","page","type-page","status-publish","hentry","no-post-thumbnail"],"_links":{"self":[{"href":"https:\/\/egestint.com\/de\/wp-json\/wp\/v2\/pages\/8052","targetHints":{"allow":["GET"]}}],"collection":[{"href":"https:\/\/egestint.com\/de\/wp-json\/wp\/v2\/pages"}],"about":[{"href":"https:\/\/egestint.com\/de\/wp-json\/wp\/v2\/types\/page"}],"author":[{"embeddable":true,"href":"https:\/\/egestint.com\/de\/wp-json\/wp\/v2\/users\/2"}],"replies":[{"embeddable":true,"href":"https:\/\/egestint.com\/de\/wp-json\/wp\/v2\/comments?post=8052"}],"version-history":[{"count":11,"href":"https:\/\/egestint.com\/de\/wp-json\/wp\/v2\/pages\/8052\/revisions"}],"predecessor-version":[{"id":8096,"href":"https:\/\/egestint.com\/de\/wp-json\/wp\/v2\/pages\/8052\/revisions\/8096"}],"wp:attachment":[{"href":"https:\/\/egestint.com\/de\/wp-json\/wp\/v2\/media?parent=8052"}],"curies":[{"name":"wp","href":"https:\/\/api.w.org\/{rel}","templated":true}]}}