{"id":8140,"date":"2021-11-02T11:51:16","date_gmt":"2021-11-02T11:51:16","guid":{"rendered":"https:\/\/egestint.com\/?page_id=8140"},"modified":"2021-11-02T11:53:22","modified_gmt":"2021-11-02T11:53:22","slug":"unterstuetzung","status":"publish","type":"page","link":"https:\/\/egestint.com\/de\/unterstuetzung\/","title":{"rendered":"Unterst\u00fctzung"},"content":{"rendered":"\t\t<div data-elementor-type=\"wp-post\" data-elementor-id=\"8140\" class=\"elementor elementor-8140 elementor-4917\" data-elementor-settings=\"[]\">\n\t\t\t\t\t\t\t<div class=\"elementor-section-wrap\">\n\t\t\t\t\t\t\t<section class=\"elementor-section elementor-top-section elementor-element elementor-element-62302636 elementor-section-boxed elementor-section-height-default elementor-section-height-default\" data-id=\"62302636\" data-element_type=\"section\" data-settings=\"{&quot;background_background&quot;:&quot;classic&quot;}\">\n\t\t\t\t\t\t<div class=\"elementor-container elementor-column-gap-no\">\n\t\t\t\t\t<div class=\"elementor-column elementor-col-100 elementor-top-column elementor-element elementor-element-3c5d8fae\" data-id=\"3c5d8fae\" data-element_type=\"column\">\n\t\t\t<div class=\"elementor-widget-wrap elementor-element-populated\">\n\t\t\t\t\t\t\t\t<div class=\"elementor-element elementor-element-3695302d elementor-widget elementor-widget-Saasland_processes\" data-id=\"3695302d\" data-element_type=\"widget\" data-widget_type=\"Saasland_processes.default\">\n\t\t\t\t<div class=\"elementor-widget-container\">\n\t\t\t            <div class=\"container\">\r\n                <div class=\"setup_inner\">\r\n                                                <div class=\"setup_item row elementor-repeater-item-f3c32b7 \">\r\n                                <div class=\"col-md-5 setup_img wow fadeInLeft\" data-wow-delay=\"0.2s\">\r\n                                    <img loading=\"lazy\" decoding=\"async\" width=\"267\" height=\"267\" src=\"https:\/\/egestint.com\/wp-content\/uploads\/2021\/03\/servicios-idiomas-egestint.png\" class=\"attachment-full size-full\" alt=\"\" srcset=\"https:\/\/egestint.com\/wp-content\/uploads\/2021\/03\/servicios-idiomas-egestint.png 267w, https:\/\/egestint.com\/wp-content\/uploads\/2021\/03\/servicios-idiomas-egestint-150x150.png 150w, https:\/\/egestint.com\/wp-content\/uploads\/2021\/03\/servicios-idiomas-egestint-80x80.png 80w, https:\/\/egestint.com\/wp-content\/uploads\/2021\/03\/servicios-idiomas-egestint-70x70.png 70w, https:\/\/egestint.com\/wp-content\/uploads\/2021\/03\/servicios-idiomas-egestint-100x100.png 100w, https:\/\/egestint.com\/wp-content\/uploads\/2021\/03\/servicios-idiomas-egestint-75x75.png 75w\" sizes=\"auto, (max-width: 267px) 100vw, 267px\" \/>                                <\/div>\r\n                                <div class=\"col-md-2 s_number\">\r\n                                                                            <div class=\"round\">01<\/div>\r\n                                                                    <\/div>\r\n                                <div class=\"col-md-5\">\r\n                                    <div class=\"setup_content wow fadeInRight\" data-wow-delay=\"0.4s\">\r\n                                                                                <p>Nur die Benutzerebene der Plattformen ist erforderlich.<\/p>\n                                    <\/div>\r\n                                <\/div>\r\n                                <div class=\"line bottom_half wow height\" data-wow-delay=\"0.5s\"><\/div>\r\n                            <\/div>\r\n                                                        <div class=\"setup_item row elementor-repeater-item-dc724c5 flex-row-reverse\">\r\n                                <div class=\"col-md-5 setup_img wow fadeInLeft\" data-wow-delay=\"0.2s\">\r\n                                    <img loading=\"lazy\" decoding=\"async\" width=\"267\" height=\"267\" src=\"https:\/\/egestint.com\/wp-content\/uploads\/2021\/03\/formacion-impuestos-egestint.png\" class=\"attachment-full size-full\" alt=\"\" srcset=\"https:\/\/egestint.com\/wp-content\/uploads\/2021\/03\/formacion-impuestos-egestint.png 267w, https:\/\/egestint.com\/wp-content\/uploads\/2021\/03\/formacion-impuestos-egestint-150x150.png 150w, https:\/\/egestint.com\/wp-content\/uploads\/2021\/03\/formacion-impuestos-egestint-80x80.png 80w, https:\/\/egestint.com\/wp-content\/uploads\/2021\/03\/formacion-impuestos-egestint-70x70.png 70w, https:\/\/egestint.com\/wp-content\/uploads\/2021\/03\/formacion-impuestos-egestint-100x100.png 100w, https:\/\/egestint.com\/wp-content\/uploads\/2021\/03\/formacion-impuestos-egestint-75x75.png 75w\" sizes=\"auto, (max-width: 267px) 100vw, 267px\" \/>                                <\/div>\r\n                                <div class=\"col-md-2 s_number\">\r\n                                                                            <div class=\"round\">02<\/div>\r\n                                                                    <\/div>\r\n                                <div class=\"col-md-5\">\r\n                                    <div class=\"setup_content wow fadeInRight\" data-wow-delay=\"0.4s\">\r\n                                                                                <p>Dar\u00fcber hinaus werden Schulungen auf der Ebene der Analyse, Erstellung und Pr\u00e4sentation der Steuern gefordert. Dies kann eine Schulung in Fragen der Buchhaltung erfordern.<\/p>\n                                    <\/div>\r\n                                <\/div>\r\n                                <div class=\"line bottom_half wow height\" data-wow-delay=\"1s\"><\/div>\r\n                            <\/div>\r\n                                                        <div class=\"setup_item row elementor-repeater-item-ddf7118 \">\r\n                                <div class=\"col-md-5 setup_img wow fadeInLeft\" data-wow-delay=\"0.2s\">\r\n                                    <img loading=\"lazy\" decoding=\"async\" width=\"267\" height=\"246\" src=\"https:\/\/egestint.com\/wp-content\/uploads\/2021\/03\/asesoramiento-fiscal-egestint.png\" class=\"attachment-full size-full\" alt=\"\" srcset=\"https:\/\/egestint.com\/wp-content\/uploads\/2021\/03\/asesoramiento-fiscal-egestint.png 267w, https:\/\/egestint.com\/wp-content\/uploads\/2021\/03\/asesoramiento-fiscal-egestint-240x220.png 240w\" sizes=\"auto, (max-width: 267px) 100vw, 267px\" \/>                                <\/div>\r\n                                <div class=\"col-md-2 s_number\">\r\n                                                                            <div class=\"round\">03<\/div>\r\n                                                                    <\/div>\r\n                                <div class=\"col-md-5\">\r\n                                    <div class=\"setup_content wow fadeInRight\" data-wow-delay=\"0.4s\">\r\n                                                                                <p>Wir sind au\u00dferdem aufgefordert, weitere Beratungsdienste anzubieten, sei es in den Bereichen Steuern, Arbeitsrecht und Buchhaltung.<\/p>\n                                    <\/div>\r\n                                <\/div>\r\n                                <div class=\"line bottom_half wow height\" data-wow-delay=\"1.5s\"><\/div>\r\n                            <\/div>\r\n                                                        <div class=\"setup_item row elementor-repeater-item-ab246f9 flex-row-reverse\">\r\n                                <div class=\"col-md-5 setup_img wow fadeInLeft\" data-wow-delay=\"0.2s\">\r\n                                    <img loading=\"lazy\" decoding=\"async\" width=\"267\" height=\"267\" src=\"https:\/\/egestint.com\/wp-content\/uploads\/2021\/03\/servicios-idiomas-egestint-1.png\" class=\"attachment-full size-full\" alt=\"\" srcset=\"https:\/\/egestint.com\/wp-content\/uploads\/2021\/03\/servicios-idiomas-egestint-1.png 267w, https:\/\/egestint.com\/wp-content\/uploads\/2021\/03\/servicios-idiomas-egestint-1-150x150.png 150w, https:\/\/egestint.com\/wp-content\/uploads\/2021\/03\/servicios-idiomas-egestint-1-80x80.png 80w, https:\/\/egestint.com\/wp-content\/uploads\/2021\/03\/servicios-idiomas-egestint-1-70x70.png 70w, https:\/\/egestint.com\/wp-content\/uploads\/2021\/03\/servicios-idiomas-egestint-1-100x100.png 100w, https:\/\/egestint.com\/wp-content\/uploads\/2021\/03\/servicios-idiomas-egestint-1-75x75.png 75w\" sizes=\"auto, (max-width: 267px) 100vw, 267px\" \/>                                <\/div>\r\n                                <div class=\"col-md-2 s_number\">\r\n                                                                            <div class=\"round\">04<\/div>\r\n                                                                    <\/div>\r\n                                <div class=\"col-md-5\">\r\n                                    <div class=\"setup_content wow fadeInRight\" data-wow-delay=\"0.4s\">\r\n                                                                                <p>Die Bereitstellung dieser Dienste in englischer und deutscher Sprache f\u00fcr Menschen, die auf spanischem Hoheitsgebiet die entweder ein Unternehmen betreiben oder im Berufsleben stehen, wird es uns erm\u00f6glichen, ihre Bed\u00fcrfnisse zu erkunden, um ihnen ein Gesamtpaket anzubieten. Durch uns oder durch unsere Franchisenehmer.<\/p>\n                                    <\/div>\r\n                                <\/div>\r\n                                <div class=\"line bottom_half wow height\" data-wow-delay=\"2s\"><\/div>\r\n                            <\/div>\r\n                                            <\/div>\r\n            <\/div>\r\n            \t\t<\/div>\n\t\t\t\t<\/div>\n\t\t\t\t\t<\/div>\n\t\t<\/div>\n\t\t\t\t\t\t\t<\/div>\n\t\t<\/section>\n\t\t\t\t\t\t<\/div>\n\t\t\t\t\t<\/div>\n\t\t","protected":false},"excerpt":{"rendered":"<p>01 Nur die Benutzerebene der Plattformen ist erforderlich. 02 Dar\u00fcber hinaus werden Schulungen auf der Ebene der Analyse, Erstellung und Pr\u00e4sentation der Steuern gefordert. Dies kann eine Schulung in Fragen der Buchhaltung erfordern. 03 Wir sind au\u00dferdem aufgefordert, weitere Beratungsdienste anzubieten, sei es in den Bereichen Steuern, Arbeitsrecht und Buchhaltung. 04 Die Bereitstellung dieser Dienste [&hellip;]<\/p>\n","protected":false},"author":2,"featured_media":0,"parent":0,"menu_order":0,"comment_status":"closed","ping_status":"closed","template":"elementor_header_footer","meta":{"footnotes":""},"class_list":["post-8140","page","type-page","status-publish","hentry","no-post-thumbnail"],"_links":{"self":[{"href":"https:\/\/egestint.com\/de\/wp-json\/wp\/v2\/pages\/8140","targetHints":{"allow":["GET"]}}],"collection":[{"href":"https:\/\/egestint.com\/de\/wp-json\/wp\/v2\/pages"}],"about":[{"href":"https:\/\/egestint.com\/de\/wp-json\/wp\/v2\/types\/page"}],"author":[{"embeddable":true,"href":"https:\/\/egestint.com\/de\/wp-json\/wp\/v2\/users\/2"}],"replies":[{"embeddable":true,"href":"https:\/\/egestint.com\/de\/wp-json\/wp\/v2\/comments?post=8140"}],"version-history":[{"count":6,"href":"https:\/\/egestint.com\/de\/wp-json\/wp\/v2\/pages\/8140\/revisions"}],"predecessor-version":[{"id":8192,"href":"https:\/\/egestint.com\/de\/wp-json\/wp\/v2\/pages\/8140\/revisions\/8192"}],"wp:attachment":[{"href":"https:\/\/egestint.com\/de\/wp-json\/wp\/v2\/media?parent=8140"}],"curies":[{"name":"wp","href":"https:\/\/api.w.org\/{rel}","templated":true}]}}